{"id":1207,"date":"2022-04-22T15:34:45","date_gmt":"2022-04-22T15:34:45","guid":{"rendered":"https:\/\/photocello.com\/?page_id=1207"},"modified":"2022-09-15T20:27:49","modified_gmt":"2022-09-15T20:27:49","slug":"vivian-maier","status":"publish","type":"page","link":"https:\/\/photocello.com\/?page_id=1207","title":{"rendered":"Vivian Maier"},"content":{"rendered":"\n<p><\/p>\n\n\n\n<div class=\"wp-block-media-text alignwide is-stacked-on-mobile\"><figure class=\"wp-block-media-text__media\"><img loading=\"lazy\" decoding=\"async\" width=\"918\" height=\"910\" src=\"http:\/\/photocello.com\/wp-content\/uploads\/2022\/04\/Captura-de-pantalla-2022-04-22-a-las-17.02.32.png\" alt=\"\" class=\"wp-image-1227 size-full\" srcset=\"https:\/\/photocello.com\/wp-content\/uploads\/2022\/04\/Captura-de-pantalla-2022-04-22-a-las-17.02.32.png 918w, https:\/\/photocello.com\/wp-content\/uploads\/2022\/04\/Captura-de-pantalla-2022-04-22-a-las-17.02.32-300x297.png 300w, https:\/\/photocello.com\/wp-content\/uploads\/2022\/04\/Captura-de-pantalla-2022-04-22-a-las-17.02.32-150x150.png 150w, https:\/\/photocello.com\/wp-content\/uploads\/2022\/04\/Captura-de-pantalla-2022-04-22-a-las-17.02.32-768x761.png 768w, https:\/\/photocello.com\/wp-content\/uploads\/2022\/04\/Captura-de-pantalla-2022-04-22-a-las-17.02.32-100x100.png 100w, https:\/\/photocello.com\/wp-content\/uploads\/2022\/04\/Captura-de-pantalla-2022-04-22-a-las-17.02.32-50x50.png 50w\" sizes=\"(max-width: 918px) 100vw, 918px\" \/><\/figure><div class=\"wp-block-media-text__content\">\n<h6 class=\"wp-block-heading\">La ni\u00f1era que hac\u00eda fotos <\/h6>\n\n\n\n<h2 class=\"wp-block-heading\">Vivian Maier<\/h2>\n\n\n\n<p>Nueva York en 1926-2009<\/p>\n\n\n\n<p>Siempre sal\u00eda llevando al cuello su c\u00e1mara de fotos sus grandes abrigos o gabardinas, sus sombreros de alas ca\u00eddas, sus camisas masculinas, sus faldas como de monja de paisano, sus zapatos negros y austeros de tac\u00f3n bajo.<\/p>\n\n\n\n<p>Su formaci\u00f3n art\u00edstica es un misterio.<\/p>\n\n\n\n<p>Le gustaba hacerse fotos a si misma y a su sombra, tiene miles de  rollos de las calles de Nueva York y Chicago.<\/p>\n\n\n\n<p>Su trabajo mantiene un distintivo elemento de calma, claridad en la composici\u00f3n y gentileza caracterizada por la falta de movimientos r\u00e1pidos o emoci\u00f3n extrema<\/p>\n\n\n\n<p>Le &nbsp;gustaba del proceso fotogr\u00e1fico<\/p>\n\n\n\n<p>Logr\u00f3 un nivel de oficio poco habitual para una aficionada.<\/p>\n<\/div><\/div>\n\n\n\n<figure class=\"wp-block-gallery has-nested-images columns-default is-cropped wp-block-gallery-1 is-layout-flex wp-block-gallery-is-layout-flex\">\n<figure class=\"wp-block-image size-large\"><img loading=\"lazy\" decoding=\"async\" width=\"1024\" height=\"1013\" data-id=\"1226\" src=\"https:\/\/photocello.com\/wp-content\/uploads\/2022\/04\/Captura-de-pantalla-2022-04-22-a-las-16.57.46-1024x1013.png\" alt=\"\" class=\"wp-image-1226\" srcset=\"https:\/\/photocello.com\/wp-content\/uploads\/2022\/04\/Captura-de-pantalla-2022-04-22-a-las-16.57.46-1024x1013.png 1024w, https:\/\/photocello.com\/wp-content\/uploads\/2022\/04\/Captura-de-pantalla-2022-04-22-a-las-16.57.46-300x297.png 300w, https:\/\/photocello.com\/wp-content\/uploads\/2022\/04\/Captura-de-pantalla-2022-04-22-a-las-16.57.46-768x760.png 768w, https:\/\/photocello.com\/wp-content\/uploads\/2022\/04\/Captura-de-pantalla-2022-04-22-a-las-16.57.46.png 1362w\" sizes=\"(max-width: 1024px) 100vw, 1024px\" \/><\/figure>\n\n\n\n<figure class=\"wp-block-image size-large\"><img loading=\"lazy\" decoding=\"async\" width=\"1011\" height=\"1024\" data-id=\"1225\" src=\"https:\/\/photocello.com\/wp-content\/uploads\/2022\/04\/Captura-de-pantalla-2022-04-22-a-las-16.58.42-1011x1024.png\" alt=\"\" class=\"wp-image-1225\" srcset=\"https:\/\/photocello.com\/wp-content\/uploads\/2022\/04\/Captura-de-pantalla-2022-04-22-a-las-16.58.42-1011x1024.png 1011w, https:\/\/photocello.com\/wp-content\/uploads\/2022\/04\/Captura-de-pantalla-2022-04-22-a-las-16.58.42-296x300.png 296w, https:\/\/photocello.com\/wp-content\/uploads\/2022\/04\/Captura-de-pantalla-2022-04-22-a-las-16.58.42-768x778.png 768w, https:\/\/photocello.com\/wp-content\/uploads\/2022\/04\/Captura-de-pantalla-2022-04-22-a-las-16.58.42.png 1422w\" sizes=\"(max-width: 1011px) 100vw, 1011px\" \/><\/figure>\n\n\n\n<figure class=\"wp-block-image size-large\"><img loading=\"lazy\" decoding=\"async\" width=\"1017\" height=\"1024\" data-id=\"1222\" src=\"https:\/\/photocello.com\/wp-content\/uploads\/2022\/04\/Captura-de-pantalla-2022-04-22-a-las-17.00.34-1017x1024.png\" alt=\"\" class=\"wp-image-1222\" srcset=\"https:\/\/photocello.com\/wp-content\/uploads\/2022\/04\/Captura-de-pantalla-2022-04-22-a-las-17.00.34-1017x1024.png 1017w, https:\/\/photocello.com\/wp-content\/uploads\/2022\/04\/Captura-de-pantalla-2022-04-22-a-las-17.00.34-298x300.png 298w, https:\/\/photocello.com\/wp-content\/uploads\/2022\/04\/Captura-de-pantalla-2022-04-22-a-las-17.00.34-150x150.png 150w, https:\/\/photocello.com\/wp-content\/uploads\/2022\/04\/Captura-de-pantalla-2022-04-22-a-las-17.00.34-768x773.png 768w, https:\/\/photocello.com\/wp-content\/uploads\/2022\/04\/Captura-de-pantalla-2022-04-22-a-las-17.00.34.png 1406w\" sizes=\"(max-width: 1017px) 100vw, 1017px\" \/><\/figure>\n\n\n\n<figure class=\"wp-block-image size-large\"><img loading=\"lazy\" decoding=\"async\" width=\"1024\" height=\"1004\" data-id=\"1224\" src=\"https:\/\/photocello.com\/wp-content\/uploads\/2022\/04\/Captura-de-pantalla-2022-04-22-a-las-16.59.53-1024x1004.png\" alt=\"\" class=\"wp-image-1224\" srcset=\"https:\/\/photocello.com\/wp-content\/uploads\/2022\/04\/Captura-de-pantalla-2022-04-22-a-las-16.59.53-1024x1004.png 1024w, https:\/\/photocello.com\/wp-content\/uploads\/2022\/04\/Captura-de-pantalla-2022-04-22-a-las-16.59.53-300x294.png 300w, https:\/\/photocello.com\/wp-content\/uploads\/2022\/04\/Captura-de-pantalla-2022-04-22-a-las-16.59.53-768x753.png 768w, https:\/\/photocello.com\/wp-content\/uploads\/2022\/04\/Captura-de-pantalla-2022-04-22-a-las-16.59.53.png 1444w\" sizes=\"(max-width: 1024px) 100vw, 1024px\" \/><\/figure>\n\n\n\n<figure class=\"wp-block-image size-large\"><img loading=\"lazy\" decoding=\"async\" width=\"1024\" height=\"1015\" data-id=\"1223\" src=\"https:\/\/photocello.com\/wp-content\/uploads\/2022\/04\/Captura-de-pantalla-2022-04-22-a-las-16.58.51-1024x1015.png\" alt=\"\" class=\"wp-image-1223\" srcset=\"https:\/\/photocello.com\/wp-content\/uploads\/2022\/04\/Captura-de-pantalla-2022-04-22-a-las-16.58.51-1024x1015.png 1024w, https:\/\/photocello.com\/wp-content\/uploads\/2022\/04\/Captura-de-pantalla-2022-04-22-a-las-16.58.51-300x297.png 300w, https:\/\/photocello.com\/wp-content\/uploads\/2022\/04\/Captura-de-pantalla-2022-04-22-a-las-16.58.51-150x150.png 150w, https:\/\/photocello.com\/wp-content\/uploads\/2022\/04\/Captura-de-pantalla-2022-04-22-a-las-16.58.51-768x762.png 768w, https:\/\/photocello.com\/wp-content\/uploads\/2022\/04\/Captura-de-pantalla-2022-04-22-a-las-16.58.51.png 1424w\" sizes=\"(max-width: 1024px) 100vw, 1024px\" \/><\/figure>\n\n\n\n<figure class=\"wp-block-image size-large\"><img loading=\"lazy\" decoding=\"async\" width=\"1017\" height=\"1024\" data-id=\"1221\" src=\"https:\/\/photocello.com\/wp-content\/uploads\/2022\/04\/Captura-de-pantalla-2022-04-22-a-las-17.00.05-1017x1024.png\" alt=\"\" class=\"wp-image-1221\" srcset=\"https:\/\/photocello.com\/wp-content\/uploads\/2022\/04\/Captura-de-pantalla-2022-04-22-a-las-17.00.05-1017x1024.png 1017w, https:\/\/photocello.com\/wp-content\/uploads\/2022\/04\/Captura-de-pantalla-2022-04-22-a-las-17.00.05-298x300.png 298w, https:\/\/photocello.com\/wp-content\/uploads\/2022\/04\/Captura-de-pantalla-2022-04-22-a-las-17.00.05-150x150.png 150w, https:\/\/photocello.com\/wp-content\/uploads\/2022\/04\/Captura-de-pantalla-2022-04-22-a-las-17.00.05-768x773.png 768w, https:\/\/photocello.com\/wp-content\/uploads\/2022\/04\/Captura-de-pantalla-2022-04-22-a-las-17.00.05.png 1404w\" sizes=\"(max-width: 1017px) 100vw, 1017px\" \/><\/figure>\n\n\n\n<figure class=\"wp-block-image size-large\"><img loading=\"lazy\" decoding=\"async\" width=\"1017\" height=\"1024\" data-id=\"1220\" src=\"https:\/\/photocello.com\/wp-content\/uploads\/2022\/04\/Captura-de-pantalla-2022-04-22-a-las-16.58.33-1017x1024.png\" alt=\"\" class=\"wp-image-1220\" srcset=\"https:\/\/photocello.com\/wp-content\/uploads\/2022\/04\/Captura-de-pantalla-2022-04-22-a-las-16.58.33-1017x1024.png 1017w, https:\/\/photocello.com\/wp-content\/uploads\/2022\/04\/Captura-de-pantalla-2022-04-22-a-las-16.58.33-298x300.png 298w, https:\/\/photocello.com\/wp-content\/uploads\/2022\/04\/Captura-de-pantalla-2022-04-22-a-las-16.58.33-150x150.png 150w, https:\/\/photocello.com\/wp-content\/uploads\/2022\/04\/Captura-de-pantalla-2022-04-22-a-las-16.58.33-768x773.png 768w, https:\/\/photocello.com\/wp-content\/uploads\/2022\/04\/Captura-de-pantalla-2022-04-22-a-las-16.58.33.png 1404w\" sizes=\"(max-width: 1017px) 100vw, 1017px\" \/><\/figure>\n\n\n\n<figure class=\"wp-block-image size-large\"><img loading=\"lazy\" decoding=\"async\" width=\"1021\" height=\"1024\" data-id=\"1219\" src=\"https:\/\/photocello.com\/wp-content\/uploads\/2022\/04\/Captura-de-pantalla-2022-04-22-a-las-16.59.18-1021x1024.png\" alt=\"\" class=\"wp-image-1219\" srcset=\"https:\/\/photocello.com\/wp-content\/uploads\/2022\/04\/Captura-de-pantalla-2022-04-22-a-las-16.59.18-1021x1024.png 1021w, https:\/\/photocello.com\/wp-content\/uploads\/2022\/04\/Captura-de-pantalla-2022-04-22-a-las-16.59.18-300x300.png 300w, https:\/\/photocello.com\/wp-content\/uploads\/2022\/04\/Captura-de-pantalla-2022-04-22-a-las-16.59.18-150x150.png 150w, https:\/\/photocello.com\/wp-content\/uploads\/2022\/04\/Captura-de-pantalla-2022-04-22-a-las-16.59.18-768x770.png 768w, https:\/\/photocello.com\/wp-content\/uploads\/2022\/04\/Captura-de-pantalla-2022-04-22-a-las-16.59.18.png 1426w\" sizes=\"(max-width: 1021px) 100vw, 1021px\" \/><\/figure>\n\n\n\n<figure class=\"wp-block-image size-large\"><img loading=\"lazy\" decoding=\"async\" width=\"1010\" height=\"1024\" data-id=\"1217\" src=\"https:\/\/photocello.com\/wp-content\/uploads\/2022\/04\/Captura-de-pantalla-2022-04-22-a-las-16.56.34-1010x1024.png\" alt=\"\" class=\"wp-image-1217\" srcset=\"https:\/\/photocello.com\/wp-content\/uploads\/2022\/04\/Captura-de-pantalla-2022-04-22-a-las-16.56.34-1010x1024.png 1010w, https:\/\/photocello.com\/wp-content\/uploads\/2022\/04\/Captura-de-pantalla-2022-04-22-a-las-16.56.34-296x300.png 296w, https:\/\/photocello.com\/wp-content\/uploads\/2022\/04\/Captura-de-pantalla-2022-04-22-a-las-16.56.34-768x778.png 768w, https:\/\/photocello.com\/wp-content\/uploads\/2022\/04\/Captura-de-pantalla-2022-04-22-a-las-16.56.34.png 1192w\" sizes=\"(max-width: 1010px) 100vw, 1010px\" \/><\/figure>\n\n\n\n<figure class=\"wp-block-image size-large\"><img loading=\"lazy\" decoding=\"async\" width=\"908\" height=\"912\" data-id=\"1218\" src=\"https:\/\/photocello.com\/wp-content\/uploads\/2022\/04\/Captura-de-pantalla-2022-04-22-a-las-16.56.44.png\" alt=\"\" class=\"wp-image-1218\" srcset=\"https:\/\/photocello.com\/wp-content\/uploads\/2022\/04\/Captura-de-pantalla-2022-04-22-a-las-16.56.44.png 908w, https:\/\/photocello.com\/wp-content\/uploads\/2022\/04\/Captura-de-pantalla-2022-04-22-a-las-16.56.44-300x300.png 300w, https:\/\/photocello.com\/wp-content\/uploads\/2022\/04\/Captura-de-pantalla-2022-04-22-a-las-16.56.44-150x150.png 150w, https:\/\/photocello.com\/wp-content\/uploads\/2022\/04\/Captura-de-pantalla-2022-04-22-a-las-16.56.44-768x771.png 768w, https:\/\/photocello.com\/wp-content\/uploads\/2022\/04\/Captura-de-pantalla-2022-04-22-a-las-16.56.44-100x100.png 100w, https:\/\/photocello.com\/wp-content\/uploads\/2022\/04\/Captura-de-pantalla-2022-04-22-a-las-16.56.44-50x50.png 50w\" sizes=\"(max-width: 908px) 100vw, 908px\" \/><\/figure>\n\n\n\n<figure class=\"wp-block-image size-large\"><img loading=\"lazy\" decoding=\"async\" width=\"500\" height=\"500\" data-id=\"1216\" src=\"https:\/\/photocello.com\/wp-content\/uploads\/2022\/04\/pic04-free-img.jpg\" alt=\"\" class=\"wp-image-1216\" srcset=\"https:\/\/photocello.com\/wp-content\/uploads\/2022\/04\/pic04-free-img.jpg 500w, https:\/\/photocello.com\/wp-content\/uploads\/2022\/04\/pic04-free-img-300x300.jpg 300w, https:\/\/photocello.com\/wp-content\/uploads\/2022\/04\/pic04-free-img-150x150.jpg 150w, https:\/\/photocello.com\/wp-content\/uploads\/2022\/04\/pic04-free-img-100x100.jpg 100w, https:\/\/photocello.com\/wp-content\/uploads\/2022\/04\/pic04-free-img-50x50.jpg 50w\" sizes=\"(max-width: 500px) 100vw, 500px\" \/><\/figure>\n<\/figure>\n","protected":false},"excerpt":{"rendered":"<p>La ni\u00f1era que hac\u00eda fotos Vivian Maier Nueva York en 1926-2009 Siempre sal\u00eda llevando al cuello su c\u00e1mara de fotos sus grandes abrigos o gabardinas, sus sombreros de alas ca\u00eddas, sus camisas masculinas, sus faldas como de monja de paisano, sus zapatos negros y austeros de tac\u00f3n bajo. Su formaci\u00f3n art\u00edstica es un misterio. Le [&hellip;]<\/p>\n","protected":false},"author":1,"featured_media":0,"parent":0,"menu_order":0,"comment_status":"closed","ping_status":"closed","template":"","meta":{"_uag_custom_page_level_css":"","_monsterinsights_skip_tracking":false,"_monsterinsights_sitenote_active":false,"_monsterinsights_sitenote_note":"","_monsterinsights_sitenote_category":0,"_uf_show_specific_survey":0,"_uf_disable_surveys":false,"pgc_sgb_lightbox_settings":"","footnotes":""},"categories":[27],"tags":[],"class_list":["post-1207","page","type-page","status-publish","hentry","category-fotografos"],"uagb_featured_image_src":{"full":false,"thumbnail":false,"medium":false,"medium_large":false,"large":false,"1536x1536":false,"2048x2048":false,"ect-jetpack-portfolio-featured":false,"ect-featured-content":false,"ect-service":false,"jetpack-portfolio-admin-thumb":false,"featured-content-admin-thumb":false,"service-admin-thumb":false},"uagb_author_info":{"display_name":"henrribas@gmail.com","author_link":"https:\/\/photocello.com\/?author=1"},"uagb_comment_info":0,"uagb_excerpt":"La ni\u00f1era que hac\u00eda fotos Vivian Maier Nueva York en 1926-2009 Siempre sal\u00eda llevando al cuello su c\u00e1mara de fotos sus grandes abrigos o gabardinas, sus sombreros de alas ca\u00eddas, sus camisas masculinas, sus faldas como de monja de paisano, sus zapatos negros y austeros de tac\u00f3n bajo. Su formaci\u00f3n art\u00edstica es un misterio. Le&hellip;","_links":{"self":[{"href":"https:\/\/photocello.com\/index.php?rest_route=\/wp\/v2\/pages\/1207"}],"collection":[{"href":"https:\/\/photocello.com\/index.php?rest_route=\/wp\/v2\/pages"}],"about":[{"href":"https:\/\/photocello.com\/index.php?rest_route=\/wp\/v2\/types\/page"}],"author":[{"embeddable":true,"href":"https:\/\/photocello.com\/index.php?rest_route=\/wp\/v2\/users\/1"}],"replies":[{"embeddable":true,"href":"https:\/\/photocello.com\/index.php?rest_route=%2Fwp%2Fv2%2Fcomments&post=1207"}],"version-history":[{"count":11,"href":"https:\/\/photocello.com\/index.php?rest_route=\/wp\/v2\/pages\/1207\/revisions"}],"predecessor-version":[{"id":13627,"href":"https:\/\/photocello.com\/index.php?rest_route=\/wp\/v2\/pages\/1207\/revisions\/13627"}],"wp:attachment":[{"href":"https:\/\/photocello.com\/index.php?rest_route=%2Fwp%2Fv2%2Fmedia&parent=1207"}],"wp:term":[{"taxonomy":"category","embeddable":true,"href":"https:\/\/photocello.com\/index.php?rest_route=%2Fwp%2Fv2%2Fcategories&post=1207"},{"taxonomy":"post_tag","embeddable":true,"href":"https:\/\/photocello.com\/index.php?rest_route=%2Fwp%2Fv2%2Ftags&post=1207"}],"curies":[{"name":"wp","href":"https:\/\/api.w.org\/{rel}","templated":true}]}}