{"id":12382,"date":"2020-06-09T20:54:32","date_gmt":"2020-06-09T20:54:32","guid":{"rendered":"https:\/\/photocello.com\/?page_id=12382"},"modified":"2022-05-28T13:26:33","modified_gmt":"2022-05-28T13:26:33","slug":"la-virtud","status":"publish","type":"page","link":"https:\/\/photocello.com\/?page_id=12382","title":{"rendered":"Conde de Shaftesbury"},"content":{"rendered":"\n<h2 class=\"wp-block-heading\">La virtud y la belleza <\/h2>\n\n\n\n<p>La virtud es lo que proporciona placer m\u00e1ximo, deleite razonable.<\/p>\n\n\n\n<p>Todo lo virtuoso es a la vez est\u00e9ticamente bello, pues lo bello radica en la armon\u00eda<\/p>\n","protected":false},"excerpt":{"rendered":"<p>La virtud y la belleza La virtud es lo que proporciona placer m\u00e1ximo, deleite razonable. Todo lo virtuoso es a la vez est\u00e9ticamente bello, pues lo bello radica en la armon\u00eda<\/p>\n","protected":false},"author":2,"featured_media":0,"parent":0,"menu_order":0,"comment_status":"closed","ping_status":"closed","template":"","meta":{"_uag_custom_page_level_css":"","_monsterinsights_skip_tracking":false,"_monsterinsights_sitenote_active":false,"_monsterinsights_sitenote_note":"","_monsterinsights_sitenote_category":0,"_uf_show_specific_survey":0,"_uf_disable_surveys":false,"pgc_sgb_lightbox_settings":"","footnotes":""},"categories":[32],"tags":[],"class_list":["post-12382","page","type-page","status-publish","hentry","category-arte"],"uagb_featured_image_src":{"full":false,"thumbnail":false,"medium":false,"medium_large":false,"large":false,"1536x1536":false,"2048x2048":false,"ect-jetpack-portfolio-featured":false,"ect-featured-content":false,"ect-service":false,"jetpack-portfolio-admin-thumb":false,"featured-content-admin-thumb":false,"service-admin-thumb":false},"uagb_author_info":{"display_name":"hysomaz","author_link":"https:\/\/photocello.com\/?author=2"},"uagb_comment_info":0,"uagb_excerpt":"La virtud y la belleza La virtud es lo que proporciona placer m\u00e1ximo, deleite razonable. Todo lo virtuoso es a la vez est\u00e9ticamente bello, pues lo bello radica en la armon\u00eda","_links":{"self":[{"href":"https:\/\/photocello.com\/index.php?rest_route=\/wp\/v2\/pages\/12382"}],"collection":[{"href":"https:\/\/photocello.com\/index.php?rest_route=\/wp\/v2\/pages"}],"about":[{"href":"https:\/\/photocello.com\/index.php?rest_route=\/wp\/v2\/types\/page"}],"author":[{"embeddable":true,"href":"https:\/\/photocello.com\/index.php?rest_route=\/wp\/v2\/users\/2"}],"replies":[{"embeddable":true,"href":"https:\/\/photocello.com\/index.php?rest_route=%2Fwp%2Fv2%2Fcomments&post=12382"}],"version-history":[{"count":1,"href":"https:\/\/photocello.com\/index.php?rest_route=\/wp\/v2\/pages\/12382\/revisions"}],"predecessor-version":[{"id":13253,"href":"https:\/\/photocello.com\/index.php?rest_route=\/wp\/v2\/pages\/12382\/revisions\/13253"}],"wp:attachment":[{"href":"https:\/\/photocello.com\/index.php?rest_route=%2Fwp%2Fv2%2Fmedia&parent=12382"}],"wp:term":[{"taxonomy":"category","embeddable":true,"href":"https:\/\/photocello.com\/index.php?rest_route=%2Fwp%2Fv2%2Fcategories&post=12382"},{"taxonomy":"post_tag","embeddable":true,"href":"https:\/\/photocello.com\/index.php?rest_route=%2Fwp%2Fv2%2Ftags&post=12382"}],"curies":[{"name":"wp","href":"https:\/\/api.w.org\/{rel}","templated":true}]}}