{"id":12400,"date":"2020-06-15T21:44:33","date_gmt":"2020-06-15T21:44:33","guid":{"rendered":"https:\/\/photocello.com\/?page_id=12400"},"modified":"2022-06-04T06:51:32","modified_gmt":"2022-06-04T06:51:32","slug":"madamme-lambert","status":"publish","type":"page","link":"https:\/\/photocello.com\/?page_id=12400","title":{"rendered":"Madamme Lambert"},"content":{"rendered":"\n<h2 class=\"wp-block-heading\">Reflexiones sobre el gusto<\/h2>\n\n\n\n<p>-El gusto de lo bello no puede depender de reglas.<br>-La exactitud del gusto.<br>-El gusto y el \u201cJe ne sais quoi\u201d.<br>-El gusto depende del afecto y del entendimiento.<br>-La vindicaci\u00f3n de lo afectivo y de la sensibilidad.<\/p>\n\n\n\n<p>El buen gusto depende de dos cosas: de un afecto muy fino en el coraz\u00f3n, y de una gran exactitud en el entendimiento, La persuasi\u00f3n del coraz\u00f3n es superior a la del entendimiento,<\/p>\n","protected":false},"excerpt":{"rendered":"<p>Reflexiones sobre el gusto -El gusto de lo bello no puede depender de reglas.-La exactitud del gusto.-El gusto y el \u201cJe ne sais quoi\u201d.-El gusto depende del afecto y del entendimiento.-La vindicaci\u00f3n de lo afectivo y de la sensibilidad. El buen gusto depende de dos cosas: de un afecto muy fino en el coraz\u00f3n, y [&hellip;]<\/p>\n","protected":false},"author":2,"featured_media":0,"parent":0,"menu_order":0,"comment_status":"closed","ping_status":"closed","template":"","meta":{"_uag_custom_page_level_css":"","_monsterinsights_skip_tracking":false,"_monsterinsights_sitenote_active":false,"_monsterinsights_sitenote_note":"","_monsterinsights_sitenote_category":0,"_uf_show_specific_survey":0,"_uf_disable_surveys":false,"pgc_sgb_lightbox_settings":"","footnotes":""},"categories":[32],"tags":[],"class_list":["post-12400","page","type-page","status-publish","hentry","category-arte"],"uagb_featured_image_src":{"full":false,"thumbnail":false,"medium":false,"medium_large":false,"large":false,"1536x1536":false,"2048x2048":false,"ect-jetpack-portfolio-featured":false,"ect-featured-content":false,"ect-service":false,"jetpack-portfolio-admin-thumb":false,"featured-content-admin-thumb":false,"service-admin-thumb":false},"uagb_author_info":{"display_name":"hysomaz","author_link":"https:\/\/photocello.com\/?author=2"},"uagb_comment_info":0,"uagb_excerpt":"Reflexiones sobre el gusto -El gusto de lo bello no puede depender de reglas.-La exactitud del gusto.-El gusto y el \u201cJe ne sais quoi\u201d.-El gusto depende del afecto y del entendimiento.-La vindicaci\u00f3n de lo afectivo y de la sensibilidad. El buen gusto depende de dos cosas: de un afecto muy fino en el coraz\u00f3n, y&hellip;","_links":{"self":[{"href":"https:\/\/photocello.com\/index.php?rest_route=\/wp\/v2\/pages\/12400"}],"collection":[{"href":"https:\/\/photocello.com\/index.php?rest_route=\/wp\/v2\/pages"}],"about":[{"href":"https:\/\/photocello.com\/index.php?rest_route=\/wp\/v2\/types\/page"}],"author":[{"embeddable":true,"href":"https:\/\/photocello.com\/index.php?rest_route=\/wp\/v2\/users\/2"}],"replies":[{"embeddable":true,"href":"https:\/\/photocello.com\/index.php?rest_route=%2Fwp%2Fv2%2Fcomments&post=12400"}],"version-history":[{"count":1,"href":"https:\/\/photocello.com\/index.php?rest_route=\/wp\/v2\/pages\/12400\/revisions"}],"predecessor-version":[{"id":13316,"href":"https:\/\/photocello.com\/index.php?rest_route=\/wp\/v2\/pages\/12400\/revisions\/13316"}],"wp:attachment":[{"href":"https:\/\/photocello.com\/index.php?rest_route=%2Fwp%2Fv2%2Fmedia&parent=12400"}],"wp:term":[{"taxonomy":"category","embeddable":true,"href":"https:\/\/photocello.com\/index.php?rest_route=%2Fwp%2Fv2%2Fcategories&post=12400"},{"taxonomy":"post_tag","embeddable":true,"href":"https:\/\/photocello.com\/index.php?rest_route=%2Fwp%2Fv2%2Ftags&post=12400"}],"curies":[{"name":"wp","href":"https:\/\/api.w.org\/{rel}","templated":true}]}}