{"id":13065,"date":"2022-02-28T22:50:12","date_gmt":"2022-02-28T22:50:12","guid":{"rendered":"https:\/\/photocello.com\/?page_id=13065"},"modified":"2022-09-17T07:05:45","modified_gmt":"2022-09-17T07:05:45","slug":"martin-parr","status":"publish","type":"page","link":"https:\/\/photocello.com\/?page_id=13065","title":{"rendered":"Martin Parr"},"content":{"rendered":"\n<p><\/p>\n\n\n\n<div class=\"wp-block-media-text alignwide is-stacked-on-mobile\"><figure class=\"wp-block-media-text__media\"><img loading=\"lazy\" decoding=\"async\" width=\"1000\" height=\"806\" src=\"https:\/\/photocello.com\/wp-content\/uploads\/2022\/09\/martin_parr_autorretrato_28.jpg.webp\" alt=\"\" class=\"wp-image-13645 size-full\" srcset=\"https:\/\/photocello.com\/wp-content\/uploads\/2022\/09\/martin_parr_autorretrato_28.jpg.webp 1000w, https:\/\/photocello.com\/wp-content\/uploads\/2022\/09\/martin_parr_autorretrato_28.jpg-300x242.webp 300w, https:\/\/photocello.com\/wp-content\/uploads\/2022\/09\/martin_parr_autorretrato_28.jpg-768x619.webp 768w\" sizes=\"(max-width: 1000px) 100vw, 1000px\" \/><\/figure><div class=\"wp-block-media-text__content\">\n<h6 class=\"wp-block-heading\">Critico social<\/h6>\n\n\n\n<h2 class=\"wp-block-heading\">Martin Parr<\/h2>\n\n\n\n<p>Epsom (Surrey), Reino Unido 1952<\/p>\n\n\n\n<p>Lo calificativan como ingenioso, incisivo, sard\u00f3nico, c\u00e1ustico, chispeante, burl\u00f3n, sat\u00edrico, ir\u00f3nico, punzante, virulento, sarc\u00e1stico, ocurrente, mordaz, agudo, perspicaz<\/p>\n\n\n\n<p>A medio camino entre el artista y el soci\u00f3logo, Parr indaga en el entorno cotidiano para analizar las constantes, las miserias y las contradicciones de la sociedad globalizada.<\/p>\n\n\n\n<p>Bajo sus fotografias de aparente aspecto amateur contiene un gran valor, para comprenderla hay que acerrcarse y revisar a fondo sus obras.<\/p>\n<\/div><\/div>\n\n\n\n<figure class=\"wp-block-gallery has-nested-images columns-default is-cropped wp-block-gallery-1 is-layout-flex wp-block-gallery-is-layout-flex\">\n<figure class=\"wp-block-image size-large\"><img loading=\"lazy\" decoding=\"async\" width=\"1024\" height=\"684\" data-id=\"13646\" src=\"https:\/\/photocello.com\/wp-content\/uploads\/2022\/09\/tony_ray-jones_3.jpg-1024x684.webp\" alt=\"\" class=\"wp-image-13646\" srcset=\"https:\/\/photocello.com\/wp-content\/uploads\/2022\/09\/tony_ray-jones_3.jpg-1024x684.webp 1024w, https:\/\/photocello.com\/wp-content\/uploads\/2022\/09\/tony_ray-jones_3.jpg-300x200.webp 300w, https:\/\/photocello.com\/wp-content\/uploads\/2022\/09\/tony_ray-jones_3.jpg-768x513.webp 768w, https:\/\/photocello.com\/wp-content\/uploads\/2022\/09\/tony_ray-jones_3.jpg.webp 1400w\" sizes=\"(max-width: 1024px) 100vw, 1024px\" \/><\/figure>\n\n\n\n<figure class=\"wp-block-image size-large\"><img loading=\"lazy\" decoding=\"async\" width=\"1024\" height=\"576\" data-id=\"13647\" src=\"https:\/\/photocello.com\/wp-content\/uploads\/2022\/09\/tony_ray-jones_11.jpg-2-1024x576.webp\" alt=\"\" class=\"wp-image-13647\" srcset=\"https:\/\/photocello.com\/wp-content\/uploads\/2022\/09\/tony_ray-jones_11.jpg-2-1024x576.webp 1024w, https:\/\/photocello.com\/wp-content\/uploads\/2022\/09\/tony_ray-jones_11.jpg-2-300x169.webp 300w, https:\/\/photocello.com\/wp-content\/uploads\/2022\/09\/tony_ray-jones_11.jpg-2-768x432.webp 768w, https:\/\/photocello.com\/wp-content\/uploads\/2022\/09\/tony_ray-jones_11.jpg-2.webp 1536w\" sizes=\"(max-width: 1024px) 100vw, 1024px\" \/><\/figure>\n\n\n\n<figure class=\"wp-block-image size-large\"><img loading=\"lazy\" decoding=\"async\" width=\"1000\" height=\"815\" data-id=\"13652\" src=\"https:\/\/photocello.com\/wp-content\/uploads\/2022\/09\/martin_parr_cost_of_living_1.jpg.webp\" alt=\"\" class=\"wp-image-13652\" srcset=\"https:\/\/photocello.com\/wp-content\/uploads\/2022\/09\/martin_parr_cost_of_living_1.jpg.webp 1000w, https:\/\/photocello.com\/wp-content\/uploads\/2022\/09\/martin_parr_cost_of_living_1.jpg-300x245.webp 300w, https:\/\/photocello.com\/wp-content\/uploads\/2022\/09\/martin_parr_cost_of_living_1.jpg-768x626.webp 768w\" sizes=\"(max-width: 1000px) 100vw, 1000px\" \/><\/figure>\n\n\n\n<figure class=\"wp-block-image size-large\"><img loading=\"lazy\" decoding=\"async\" width=\"1024\" height=\"683\" data-id=\"13656\" src=\"https:\/\/photocello.com\/wp-content\/uploads\/2022\/09\/martin_parr_gucci_17.jpg-1024x683.webp\" alt=\"\" class=\"wp-image-13656\" srcset=\"https:\/\/photocello.com\/wp-content\/uploads\/2022\/09\/martin_parr_gucci_17.jpg-1024x683.webp 1024w, https:\/\/photocello.com\/wp-content\/uploads\/2022\/09\/martin_parr_gucci_17.jpg-300x200.webp 300w, https:\/\/photocello.com\/wp-content\/uploads\/2022\/09\/martin_parr_gucci_17.jpg-768x512.webp 768w, https:\/\/photocello.com\/wp-content\/uploads\/2022\/09\/martin_parr_gucci_17.jpg.webp 1200w\" sizes=\"(max-width: 1024px) 100vw, 1024px\" \/><\/figure>\n\n\n\n<figure class=\"wp-block-image size-large\"><img loading=\"lazy\" decoding=\"async\" width=\"1024\" height=\"665\" data-id=\"13657\" src=\"https:\/\/photocello.com\/wp-content\/uploads\/2022\/09\/martin_parr_life_is_a_beach_7.jpg-1024x665.webp\" alt=\"\" class=\"wp-image-13657\" srcset=\"https:\/\/photocello.com\/wp-content\/uploads\/2022\/09\/martin_parr_life_is_a_beach_7.jpg-1024x665.webp 1024w, https:\/\/photocello.com\/wp-content\/uploads\/2022\/09\/martin_parr_life_is_a_beach_7.jpg-300x195.webp 300w, https:\/\/photocello.com\/wp-content\/uploads\/2022\/09\/martin_parr_life_is_a_beach_7.jpg-768x499.webp 768w, https:\/\/photocello.com\/wp-content\/uploads\/2022\/09\/martin_parr_life_is_a_beach_7.jpg-1536x997.webp 1536w, https:\/\/photocello.com\/wp-content\/uploads\/2022\/09\/martin_parr_life_is_a_beach_7.jpg.webp 1600w\" sizes=\"(max-width: 1024px) 100vw, 1024px\" \/><\/figure>\n\n\n\n<figure class=\"wp-block-image size-large\"><img loading=\"lazy\" decoding=\"async\" width=\"1024\" height=\"773\" data-id=\"13654\" src=\"https:\/\/photocello.com\/wp-content\/uploads\/2022\/09\/martin_parr_life_is_a_beach_8.jpg.webp\" alt=\"\" class=\"wp-image-13654\" srcset=\"https:\/\/photocello.com\/wp-content\/uploads\/2022\/09\/martin_parr_life_is_a_beach_8.jpg.webp 1024w, https:\/\/photocello.com\/wp-content\/uploads\/2022\/09\/martin_parr_life_is_a_beach_8.jpg-300x226.webp 300w, https:\/\/photocello.com\/wp-content\/uploads\/2022\/09\/martin_parr_life_is_a_beach_8.jpg-768x580.webp 768w\" sizes=\"(max-width: 1024px) 100vw, 1024px\" \/><\/figure>\n\n\n\n<figure class=\"wp-block-image size-large\"><img loading=\"lazy\" decoding=\"async\" width=\"940\" height=\"940\" data-id=\"13650\" src=\"https:\/\/photocello.com\/wp-content\/uploads\/2022\/09\/martin_parr_life_is_a_beach_31.jpg.webp\" alt=\"\" class=\"wp-image-13650\" srcset=\"https:\/\/photocello.com\/wp-content\/uploads\/2022\/09\/martin_parr_life_is_a_beach_31.jpg.webp 940w, https:\/\/photocello.com\/wp-content\/uploads\/2022\/09\/martin_parr_life_is_a_beach_31.jpg-300x300.webp 300w, https:\/\/photocello.com\/wp-content\/uploads\/2022\/09\/martin_parr_life_is_a_beach_31.jpg-150x150.webp 150w, https:\/\/photocello.com\/wp-content\/uploads\/2022\/09\/martin_parr_life_is_a_beach_31.jpg-768x768.webp 768w, https:\/\/photocello.com\/wp-content\/uploads\/2022\/09\/martin_parr_life_is_a_beach_31.jpg-640x640.webp 640w, https:\/\/photocello.com\/wp-content\/uploads\/2022\/09\/martin_parr_life_is_a_beach_31.jpg-50x50.webp 50w\" sizes=\"(max-width: 940px) 100vw, 940px\" \/><\/figure>\n\n\n\n<figure class=\"wp-block-image size-large\"><img loading=\"lazy\" decoding=\"async\" width=\"1024\" height=\"832\" data-id=\"13662\" src=\"https:\/\/photocello.com\/wp-content\/uploads\/2022\/09\/martin_parr_life_is_a_beach_35.jpg-1024x832.webp\" alt=\"\" class=\"wp-image-13662\" srcset=\"https:\/\/photocello.com\/wp-content\/uploads\/2022\/09\/martin_parr_life_is_a_beach_35.jpg-1024x832.webp 1024w, https:\/\/photocello.com\/wp-content\/uploads\/2022\/09\/martin_parr_life_is_a_beach_35.jpg-300x244.webp 300w, https:\/\/photocello.com\/wp-content\/uploads\/2022\/09\/martin_parr_life_is_a_beach_35.jpg-768x624.webp 768w, https:\/\/photocello.com\/wp-content\/uploads\/2022\/09\/martin_parr_life_is_a_beach_35.jpg.webp 1080w\" sizes=\"(max-width: 1024px) 100vw, 1024px\" \/><\/figure>\n\n\n\n<figure class=\"wp-block-image size-large\"><img loading=\"lazy\" decoding=\"async\" width=\"850\" height=\"567\" data-id=\"13648\" src=\"https:\/\/photocello.com\/wp-content\/uploads\/2022\/09\/martin_parr_lujo_8.jpg.webp\" alt=\"\" class=\"wp-image-13648\" srcset=\"https:\/\/photocello.com\/wp-content\/uploads\/2022\/09\/martin_parr_lujo_8.jpg.webp 850w, https:\/\/photocello.com\/wp-content\/uploads\/2022\/09\/martin_parr_lujo_8.jpg-300x200.webp 300w, https:\/\/photocello.com\/wp-content\/uploads\/2022\/09\/martin_parr_lujo_8.jpg-768x512.webp 768w\" sizes=\"(max-width: 850px) 100vw, 850px\" \/><\/figure>\n\n\n\n<figure class=\"wp-block-image size-large\"><img loading=\"lazy\" decoding=\"async\" width=\"1024\" height=\"823\" data-id=\"13649\" src=\"https:\/\/photocello.com\/wp-content\/uploads\/2022\/09\/martin_parr_the_last_resort_4.jpg-1024x823.webp\" alt=\"\" class=\"wp-image-13649\" srcset=\"https:\/\/photocello.com\/wp-content\/uploads\/2022\/09\/martin_parr_the_last_resort_4.jpg-1024x823.webp 1024w, https:\/\/photocello.com\/wp-content\/uploads\/2022\/09\/martin_parr_the_last_resort_4.jpg-300x241.webp 300w, https:\/\/photocello.com\/wp-content\/uploads\/2022\/09\/martin_parr_the_last_resort_4.jpg-768x617.webp 768w, https:\/\/photocello.com\/wp-content\/uploads\/2022\/09\/martin_parr_the_last_resort_4.jpg.webp 1244w\" sizes=\"(max-width: 1024px) 100vw, 1024px\" \/><\/figure>\n\n\n\n<figure class=\"wp-block-image size-large\"><img loading=\"lazy\" decoding=\"async\" width=\"1024\" height=\"830\" data-id=\"13659\" src=\"https:\/\/photocello.com\/wp-content\/uploads\/2022\/09\/martin_parr_the_last_resort_9.jpg-1024x830.webp\" alt=\"\" class=\"wp-image-13659\" srcset=\"https:\/\/photocello.com\/wp-content\/uploads\/2022\/09\/martin_parr_the_last_resort_9.jpg-1024x830.webp 1024w, https:\/\/photocello.com\/wp-content\/uploads\/2022\/09\/martin_parr_the_last_resort_9.jpg-300x243.webp 300w, https:\/\/photocello.com\/wp-content\/uploads\/2022\/09\/martin_parr_the_last_resort_9.jpg-768x622.webp 768w, https:\/\/photocello.com\/wp-content\/uploads\/2022\/09\/martin_parr_the_last_resort_9.jpg.webp 1234w\" sizes=\"(max-width: 1024px) 100vw, 1024px\" \/><\/figure>\n\n\n\n<figure class=\"wp-block-image size-large\"><img loading=\"lazy\" decoding=\"async\" width=\"1024\" height=\"837\" data-id=\"13651\" src=\"https:\/\/photocello.com\/wp-content\/uploads\/2022\/09\/martin_parr_the_last_resort_12.jpg-1024x837.webp\" alt=\"\" class=\"wp-image-13651\" srcset=\"https:\/\/photocello.com\/wp-content\/uploads\/2022\/09\/martin_parr_the_last_resort_12.jpg-1024x837.webp 1024w, https:\/\/photocello.com\/wp-content\/uploads\/2022\/09\/martin_parr_the_last_resort_12.jpg-300x245.webp 300w, https:\/\/photocello.com\/wp-content\/uploads\/2022\/09\/martin_parr_the_last_resort_12.jpg-768x627.webp 768w, https:\/\/photocello.com\/wp-content\/uploads\/2022\/09\/martin_parr_the_last_resort_12.jpg.webp 1224w\" sizes=\"(max-width: 1024px) 100vw, 1024px\" \/><\/figure>\n\n\n\n<figure class=\"wp-block-image size-large\"><img loading=\"lazy\" decoding=\"async\" width=\"1024\" height=\"683\" data-id=\"13655\" src=\"https:\/\/photocello.com\/wp-content\/uploads\/2022\/09\/martin_parr_the_non-conformists_8.jpg-1024x683.webp\" alt=\"\" class=\"wp-image-13655\" srcset=\"https:\/\/photocello.com\/wp-content\/uploads\/2022\/09\/martin_parr_the_non-conformists_8.jpg-1024x683.webp 1024w, https:\/\/photocello.com\/wp-content\/uploads\/2022\/09\/martin_parr_the_non-conformists_8.jpg-300x200.webp 300w, https:\/\/photocello.com\/wp-content\/uploads\/2022\/09\/martin_parr_the_non-conformists_8.jpg-768x512.webp 768w, https:\/\/photocello.com\/wp-content\/uploads\/2022\/09\/martin_parr_the_non-conformists_8.jpg.webp 1200w\" sizes=\"(max-width: 1024px) 100vw, 1024px\" \/><\/figure>\n\n\n\n<figure class=\"wp-block-image size-large\"><img loading=\"lazy\" decoding=\"async\" width=\"1024\" height=\"678\" data-id=\"13661\" src=\"https:\/\/photocello.com\/wp-content\/uploads\/2022\/09\/martin_parr_the_non-conformists_15.jpg-1024x678.webp\" alt=\"\" class=\"wp-image-13661\" srcset=\"https:\/\/photocello.com\/wp-content\/uploads\/2022\/09\/martin_parr_the_non-conformists_15.jpg-1024x678.webp 1024w, https:\/\/photocello.com\/wp-content\/uploads\/2022\/09\/martin_parr_the_non-conformists_15.jpg-300x199.webp 300w, https:\/\/photocello.com\/wp-content\/uploads\/2022\/09\/martin_parr_the_non-conformists_15.jpg-768x509.webp 768w, https:\/\/photocello.com\/wp-content\/uploads\/2022\/09\/martin_parr_the_non-conformists_15.jpg-1536x1017.webp 1536w, https:\/\/photocello.com\/wp-content\/uploads\/2022\/09\/martin_parr_the_non-conformists_15.jpg.webp 1812w\" sizes=\"(max-width: 1024px) 100vw, 1024px\" \/><\/figure>\n\n\n\n<figure class=\"wp-block-image size-large\"><img loading=\"lazy\" decoding=\"async\" width=\"683\" height=\"1024\" data-id=\"13660\" src=\"https:\/\/photocello.com\/wp-content\/uploads\/2022\/09\/martin_parr_the_non-conformists_17.jpg-683x1024.webp\" alt=\"\" class=\"wp-image-13660\" srcset=\"https:\/\/photocello.com\/wp-content\/uploads\/2022\/09\/martin_parr_the_non-conformists_17.jpg-683x1024.webp 683w, https:\/\/photocello.com\/wp-content\/uploads\/2022\/09\/martin_parr_the_non-conformists_17.jpg-200x300.webp 200w, https:\/\/photocello.com\/wp-content\/uploads\/2022\/09\/martin_parr_the_non-conformists_17.jpg-768x1151.webp 768w, https:\/\/photocello.com\/wp-content\/uploads\/2022\/09\/martin_parr_the_non-conformists_17.jpg-1025x1536.webp 1025w, https:\/\/photocello.com\/wp-content\/uploads\/2022\/09\/martin_parr_the_non-conformists_17.jpg.webp 1200w\" sizes=\"(max-width: 683px) 100vw, 683px\" \/><\/figure>\n\n\n\n<figure class=\"wp-block-image size-large\"><img loading=\"lazy\" decoding=\"async\" width=\"683\" height=\"1024\" data-id=\"13658\" src=\"https:\/\/photocello.com\/wp-content\/uploads\/2022\/09\/martin_parr_the_non-conformists_32.jpg-683x1024.webp\" alt=\"\" class=\"wp-image-13658\" srcset=\"https:\/\/photocello.com\/wp-content\/uploads\/2022\/09\/martin_parr_the_non-conformists_32.jpg-683x1024.webp 683w, https:\/\/photocello.com\/wp-content\/uploads\/2022\/09\/martin_parr_the_non-conformists_32.jpg-200x300.webp 200w, https:\/\/photocello.com\/wp-content\/uploads\/2022\/09\/martin_parr_the_non-conformists_32.jpg-768x1152.webp 768w, https:\/\/photocello.com\/wp-content\/uploads\/2022\/09\/martin_parr_the_non-conformists_32.jpg-1024x1536.webp 1024w, https:\/\/photocello.com\/wp-content\/uploads\/2022\/09\/martin_parr_the_non-conformists_32.jpg.webp 1200w\" sizes=\"(max-width: 683px) 100vw, 683px\" \/><\/figure>\n\n\n\n<figure class=\"wp-block-image size-large\"><img loading=\"lazy\" decoding=\"async\" width=\"1024\" height=\"576\" data-id=\"13653\" src=\"https:\/\/photocello.com\/wp-content\/uploads\/2022\/09\/martin_parr_the_non-conformists_33.jpg-1024x576.webp\" alt=\"\" class=\"wp-image-13653\" srcset=\"https:\/\/photocello.com\/wp-content\/uploads\/2022\/09\/martin_parr_the_non-conformists_33.jpg-1024x576.webp 1024w, https:\/\/photocello.com\/wp-content\/uploads\/2022\/09\/martin_parr_the_non-conformists_33.jpg-300x169.webp 300w, https:\/\/photocello.com\/wp-content\/uploads\/2022\/09\/martin_parr_the_non-conformists_33.jpg-768x432.webp 768w, https:\/\/photocello.com\/wp-content\/uploads\/2022\/09\/martin_parr_the_non-conformists_33.jpg.webp 1200w\" sizes=\"(max-width: 1024px) 100vw, 1024px\" \/><\/figure>\n<\/figure>\n","protected":false},"excerpt":{"rendered":"<p>Critico social Martin Parr Epsom (Surrey), Reino Unido 1952 Lo calificativan como ingenioso, incisivo, sard\u00f3nico, c\u00e1ustico, chispeante, burl\u00f3n, sat\u00edrico, ir\u00f3nico, punzante, virulento, sarc\u00e1stico, ocurrente, mordaz, agudo, perspicaz A medio camino entre el artista y el soci\u00f3logo, Parr indaga en el entorno cotidiano para analizar las constantes, las miserias y las contradicciones de la sociedad globalizada. [&hellip;]<\/p>\n","protected":false},"author":2,"featured_media":0,"parent":0,"menu_order":0,"comment_status":"closed","ping_status":"closed","template":"","meta":{"_uag_custom_page_level_css":"","_monsterinsights_skip_tracking":false,"_monsterinsights_sitenote_active":false,"_monsterinsights_sitenote_note":"","_monsterinsights_sitenote_category":0,"_uf_show_specific_survey":0,"_uf_disable_surveys":false,"pgc_sgb_lightbox_settings":"","footnotes":""},"categories":[27],"tags":[],"class_list":["post-13065","page","type-page","status-publish","hentry","category-fotografos"],"uagb_featured_image_src":{"full":false,"thumbnail":false,"medium":false,"medium_large":false,"large":false,"1536x1536":false,"2048x2048":false,"ect-jetpack-portfolio-featured":false,"ect-featured-content":false,"ect-service":false,"jetpack-portfolio-admin-thumb":false,"featured-content-admin-thumb":false,"service-admin-thumb":false},"uagb_author_info":{"display_name":"hysomaz","author_link":"https:\/\/photocello.com\/?author=2"},"uagb_comment_info":0,"uagb_excerpt":"Critico social Martin Parr Epsom (Surrey), Reino Unido 1952 Lo calificativan como ingenioso, incisivo, sard\u00f3nico, c\u00e1ustico, chispeante, burl\u00f3n, sat\u00edrico, ir\u00f3nico, punzante, virulento, sarc\u00e1stico, ocurrente, mordaz, agudo, perspicaz A medio camino entre el artista y el soci\u00f3logo, Parr indaga en el entorno cotidiano para analizar las constantes, las miserias y las contradicciones de la sociedad globalizada.&hellip;","_links":{"self":[{"href":"https:\/\/photocello.com\/index.php?rest_route=\/wp\/v2\/pages\/13065"}],"collection":[{"href":"https:\/\/photocello.com\/index.php?rest_route=\/wp\/v2\/pages"}],"about":[{"href":"https:\/\/photocello.com\/index.php?rest_route=\/wp\/v2\/types\/page"}],"author":[{"embeddable":true,"href":"https:\/\/photocello.com\/index.php?rest_route=\/wp\/v2\/users\/2"}],"replies":[{"embeddable":true,"href":"https:\/\/photocello.com\/index.php?rest_route=%2Fwp%2Fv2%2Fcomments&post=13065"}],"version-history":[{"count":4,"href":"https:\/\/photocello.com\/index.php?rest_route=\/wp\/v2\/pages\/13065\/revisions"}],"predecessor-version":[{"id":13665,"href":"https:\/\/photocello.com\/index.php?rest_route=\/wp\/v2\/pages\/13065\/revisions\/13665"}],"wp:attachment":[{"href":"https:\/\/photocello.com\/index.php?rest_route=%2Fwp%2Fv2%2Fmedia&parent=13065"}],"wp:term":[{"taxonomy":"category","embeddable":true,"href":"https:\/\/photocello.com\/index.php?rest_route=%2Fwp%2Fv2%2Fcategories&post=13065"},{"taxonomy":"post_tag","embeddable":true,"href":"https:\/\/photocello.com\/index.php?rest_route=%2Fwp%2Fv2%2Ftags&post=13065"}],"curies":[{"name":"wp","href":"https:\/\/api.w.org\/{rel}","templated":true}]}}