{"id":13127,"date":"2022-03-07T08:48:09","date_gmt":"2022-03-07T08:48:09","guid":{"rendered":"https:\/\/photocello.com\/?page_id=13127"},"modified":"2022-10-12T22:01:03","modified_gmt":"2022-10-12T22:01:03","slug":"nan-goldin","status":"publish","type":"page","link":"https:\/\/photocello.com\/?page_id=13127","title":{"rendered":"Nan Goldin"},"content":{"rendered":"\n<div style=\\\"height:64px;\\\" aria-hidden=\\\"true\\\" class=\\\"wp-block-spacer\\\"><\/div>\n\n\n\n<div class=\"wp-block-media-text alignwide is-stacked-on-mobile\"><figure class=\"wp-block-media-text__media\"><img loading=\"lazy\" decoding=\"async\" width=\"762\" height=\"708\" src=\"https:\/\/photocello.com\/wp-content\/uploads\/2022\/10\/Captura-de-Pantalla-2022-10-12-a-las-23.55.51.png\" alt=\"\" class=\"wp-image-13726 size-full\" srcset=\"https:\/\/photocello.com\/wp-content\/uploads\/2022\/10\/Captura-de-Pantalla-2022-10-12-a-las-23.55.51.png 762w, https:\/\/photocello.com\/wp-content\/uploads\/2022\/10\/Captura-de-Pantalla-2022-10-12-a-las-23.55.51-300x279.png 300w\" sizes=\"(max-width: 762px) 100vw, 762px\" \/><\/figure><div class=\"wp-block-media-text__content\">\n<h6 class=\"wp-block-heading\">La Balada<\/h6>\n\n\n\n<h2 class=\"wp-block-heading\">Nan Goldin<\/h2>\n\n\n\n<p>Washington D.C. en 1953<\/p>\n\n\n\n<p>El suicidio de su hermana condujo a la emancipacion a los 14 a\u00f1os y a ser fot\u00f3grafa un a\u00f1o despu\u00e9s.<\/p>\n\n\n\n<p>La vida deambula entre las drogas, sexo y amistades, del cual saca provecho fotogr\u00e1ficamente.<\/p>\n\n\n\n<p>Tras mudarse a Nueva York conoce a un exmarine de cuya relacion tormentosa y violenta dara resultado la coleccion <em>The Ballad of Sexual Dependency<\/em><\/p>\n\n\n\n<p>Trabajando de camarera en un bar se le ocurrio proyectar sus diapositivas, cobrando un sentido narrativo con banda sonora e incorporando fotografias de musicos. Como nota curiosa hay na lista de ella en Spotify.<\/p>\n\n\n\n<p>De alli se presento el trabajo en la Whitney Biennial\u00a0<\/p>\n\n\n\n<p>Joel Meyerowitz presento a un editor que dijo de lla: sus fotografias eran realmente extra\u00f1as y curiosamente realizadas, con un sentido del color muy peculiar. Hab\u00eda de todo: Gente fumando o copulando.<\/p>\n\n\n\n<p>La Balada es, realmente, una experiencia perform\u00e1tica<\/p>\n\n\n\n<p>Nan captura una realidad sin posar, se nota en las s\u00e1banas que no hacen juego, las pilas de libros, las tuber\u00edas que se asoman en un\u00a0<em>loft<\/em>\u00a0de renta accesibleEn su diario es m\u00e1s importante la gente, el momento, la etapa o el lugar que el preciosismo mas que el foco, la luz&#8230;<\/p>\n\n\n\n<p>su belleza radica en el poder y la confrontaci\u00f3n, no en la armon\u00eda ni el virtuosismo.<\/p>\n\n\n\n<p>En 1980 Nan conoce a Brian, exmarino con quien se relacionar\u00eda durante cuatro a\u00f1os y cuya tormentosa \u2013y f\u00edsicamente violenta- relaci\u00f3n dar\u00eda como resultado&nbsp;<em>The Ballad of Sexual Dependency<\/em>&nbsp;(La Balada de la Dependencia Sexual o, simplemente, La Balada).<\/p>\n\n\n\n<p><em>La Balada de la Dependencia Sexual<\/em>&nbsp;donde se canta acerca de un hombre que es el mismo diablo, que esclaviza sexualmente<\/p>\n\n\n\n<p>No solamente captura Goldin la parte rom\u00e1ntica de la \u00faltima bohemia en el&nbsp;<em>downtown<\/em>&nbsp;neoyorkino, sino tambi\u00e9n las duras realidades de la adicci\u00f3n, la violencia dom\u00e9stica y la epidemia de Sida.<\/p>\n\n\n\n<p>Goldin ha hecho propia la est\u00e9tica de la fotograf\u00eda vern\u00e1cula, casera, fotos fuera de foco, cortes extralos, luz inadecuada, le da mas importancia a la gente, el momento, la etapa o el lugar que el preciosismo, es un trabhajo postmoderno mas que estetico.<\/p>\n\n\n\n<p>Por contra tiene potencia crom\u00e1tica y la consistencia estil\u00edstica<\/p>\n\n\n<div class=\"pgc-sgb-cb wp-block-pgcsimplygalleryblock-masonry \" data-gallery-id=\"24c95208\"><div class=\"sgb-preloader\" id=\"pr_24c95208\">\n\t<div class=\"sgb-square\" style=\"background:#d4d4d4\"><\/div>\n\t<div class=\"sgb-square\" style=\"background:#d4d4d4\"><\/div>\n\t<div class=\"sgb-square\" style=\"background:#d4d4d4\"><\/div>\n\t<div class=\"sgb-square\" style=\"background:#d4d4d4\"><\/div><\/div><div class=\"simply-gallery-amp pgc_sgb_slider \" style=\"display: none;\"><div class=\"sgb-gallery\"><\/div><\/div><script type=\"application\/json\" class=\"sgb-data\">{\"galleryType\":\"pgc_sgb_masonry\",\"galleryId\":\"24c95208\",\"images\":[{\"url\":\"https:\/\/photocello.com\/wp-content\/uploads\/2022\/10\/nan_goldin_ballad_009-1024x683.webp\",\"id\":13730,\"alt\":\"\"},{\"url\":\"https:\/\/photocello.com\/wp-content\/uploads\/2022\/10\/nan_goldin_ballad_015-705x1024.webp\",\"id\":13728,\"alt\":\"\"},{\"url\":\"https:\/\/photocello.com\/wp-content\/uploads\/2022\/10\/nan_goldin_ballad_016-1024x662.webp\",\"id\":13731,\"alt\":\"\"},{\"url\":\"https:\/\/photocello.com\/wp-content\/uploads\/2022\/10\/nan_goldin_ballad_036-1024x690.webp\",\"id\":13733,\"alt\":\"\"},{\"url\":\"https:\/\/photocello.com\/wp-content\/uploads\/2022\/10\/nan_goldin_ballad_039-1024x677.webp\",\"id\":13727,\"alt\":\"\"},{\"url\":\"https:\/\/photocello.com\/wp-content\/uploads\/2022\/10\/nan_goldin_ballad_068-1024x689.webp\",\"id\":13734,\"alt\":\"\"},{\"url\":\"https:\/\/photocello.com\/wp-content\/uploads\/2022\/10\/nan_goldin_ballad_119-1024x677.webp\",\"id\":13729,\"alt\":\"\"},{\"url\":\"https:\/\/photocello.com\/wp-content\/uploads\/2022\/10\/nan_goldin_ballad_120-1024x696.webp\",\"id\":13732,\"alt\":\"\"}],\"itemsMetaDataCollection\":[]}<\/script><script>(function(){if(window.PGC_SGB && window.PGC_SGB.searcher){window.PGC_SGB.searcher.initBlocks()}})()<\/script><\/div><\/div><\/div>\n","protected":false},"excerpt":{"rendered":"","protected":false},"author":2,"featured_media":0,"parent":0,"menu_order":0,"comment_status":"closed","ping_status":"closed","template":"","meta":{"_uag_custom_page_level_css":"","_monsterinsights_skip_tracking":false,"_monsterinsights_sitenote_active":false,"_monsterinsights_sitenote_note":"","_monsterinsights_sitenote_category":0,"_uf_show_specific_survey":0,"_uf_disable_surveys":false,"pgc_sgb_lightbox_settings":"","footnotes":""},"categories":[27],"tags":[],"class_list":["post-13127","page","type-page","status-publish","hentry","category-fotografos"],"uagb_featured_image_src":{"full":false,"thumbnail":false,"medium":false,"medium_large":false,"large":false,"1536x1536":false,"2048x2048":false,"ect-jetpack-portfolio-featured":false,"ect-featured-content":false,"ect-service":false,"jetpack-portfolio-admin-thumb":false,"featured-content-admin-thumb":false,"service-admin-thumb":false},"uagb_author_info":{"display_name":"hysomaz","author_link":"https:\/\/photocello.com\/?author=2"},"uagb_comment_info":0,"uagb_excerpt":null,"_links":{"self":[{"href":"https:\/\/photocello.com\/index.php?rest_route=\/wp\/v2\/pages\/13127"}],"collection":[{"href":"https:\/\/photocello.com\/index.php?rest_route=\/wp\/v2\/pages"}],"about":[{"href":"https:\/\/photocello.com\/index.php?rest_route=\/wp\/v2\/types\/page"}],"author":[{"embeddable":true,"href":"https:\/\/photocello.com\/index.php?rest_route=\/wp\/v2\/users\/2"}],"replies":[{"embeddable":true,"href":"https:\/\/photocello.com\/index.php?rest_route=%2Fwp%2Fv2%2Fcomments&post=13127"}],"version-history":[{"count":7,"href":"https:\/\/photocello.com\/index.php?rest_route=\/wp\/v2\/pages\/13127\/revisions"}],"predecessor-version":[{"id":13738,"href":"https:\/\/photocello.com\/index.php?rest_route=\/wp\/v2\/pages\/13127\/revisions\/13738"}],"wp:attachment":[{"href":"https:\/\/photocello.com\/index.php?rest_route=%2Fwp%2Fv2%2Fmedia&parent=13127"}],"wp:term":[{"taxonomy":"category","embeddable":true,"href":"https:\/\/photocello.com\/index.php?rest_route=%2Fwp%2Fv2%2Fcategories&post=13127"},{"taxonomy":"post_tag","embeddable":true,"href":"https:\/\/photocello.com\/index.php?rest_route=%2Fwp%2Fv2%2Ftags&post=13127"}],"curies":[{"name":"wp","href":"https:\/\/api.w.org\/{rel}","templated":true}]}}