{"id":13140,"date":"2022-03-11T14:47:10","date_gmt":"2022-03-11T14:47:10","guid":{"rendered":"https:\/\/photocello.com\/?page_id=13140"},"modified":"2022-10-25T22:13:04","modified_gmt":"2022-10-25T22:13:04","slug":"richard-avendon","status":"publish","type":"page","link":"https:\/\/photocello.com\/?page_id=13140","title":{"rendered":"Richard Avedon"},"content":{"rendered":"\n<div style=\\\"height:64px;\\\" aria-hidden=\\\"true\\\" class=\\\"wp-block-spacer\\\"><\/div>\n\n\n\n<div class=\"wp-block-media-text alignwide is-stacked-on-mobile\"><figure class=\"wp-block-media-text__media\"><img loading=\"lazy\" decoding=\"async\" width=\"829\" height=\"1024\" src=\"https:\/\/photocello.com\/wp-content\/uploads\/2022\/10\/avedon-richard-autoportrait-829x1024.jpeg\" alt=\"\" class=\"wp-image-13751 size-full\" srcset=\"https:\/\/photocello.com\/wp-content\/uploads\/2022\/10\/avedon-richard-autoportrait-829x1024.jpeg 829w, https:\/\/photocello.com\/wp-content\/uploads\/2022\/10\/avedon-richard-autoportrait-243x300.jpeg 243w, https:\/\/photocello.com\/wp-content\/uploads\/2022\/10\/avedon-richard-autoportrait-768x949.jpeg 768w, https:\/\/photocello.com\/wp-content\/uploads\/2022\/10\/avedon-richard-autoportrait-1243x1536.jpeg 1243w, https:\/\/photocello.com\/wp-content\/uploads\/2022\/10\/avedon-richard-autoportrait-1658x2048.jpeg 1658w\" sizes=\"(max-width: 829px) 100vw, 829px\" \/><\/figure><div class=\"wp-block-media-text__content\">\n<h6 class=\"wp-block-heading\">American West<\/h6>\n\n\n\n<h2 class=\"wp-block-heading\">Richard Avedon<\/h2>\n\n\n\n<p>Estados Unidos, 1923-2004<\/p>\n\n\n\n<p>Su trabajo mas famoso \u00abIn the American West\u00bb que son retratos del oeste americano quitando el folclore del western, retratando a gente corriente novios, vagabundos, meseras, rancheros, obreros, con un fondo blanco con una mirada inexpresiva, con la habilidad que tenia de relajar a los modelos<\/p>\n\n\n\n<p>Sus fotografias tienen un &nbsp;alto grado de friccion cognitiva<\/p>\n\n\n\n<p>Fotografo fundamental en la historia de la fotografia<\/p>\n\n\n\n<p>\u00a0Invent\u00f3 la fotograf\u00eda de moda, revolucion\u00f3 el retrato<\/p>\n\n\n\n<p>Tenia la habilidad para relajar a sus modelos<\/p>\n<\/div><\/div>\n\n\n<div class=\"pgc-sgb-cb wp-block-pgcsimplygalleryblock-masonry \" data-gallery-id=\"59996750\"><div class=\"sgb-preloader\" id=\"pr_59996750\">\n\t<div class=\"sgb-square\" style=\"background:#d4d4d4\"><\/div>\n\t<div class=\"sgb-square\" style=\"background:#d4d4d4\"><\/div>\n\t<div class=\"sgb-square\" style=\"background:#d4d4d4\"><\/div>\n\t<div class=\"sgb-square\" style=\"background:#d4d4d4\"><\/div><\/div><div class=\"simply-gallery-amp pgc_sgb_slider \" style=\"display: none;\"><div class=\"sgb-gallery\"><div class=\"sgb-item\"><a href=\"https:\/\/photocello.com\/?attachment_id=13750\" target=\"_blank\"><img decoding=\"async\" alt=\"\" width=\"240\" height=\"300\" loading=\"lazy\" src=\"http:\/\/photocello.com\/wp-content\/uploads\/2022\/10\/richard_avedon-in_the_american_west_4_de_124_oscarenfotos-240x300.webp\" srcset=\"http:\/\/photocello.com\/wp-content\/uploads\/2022\/10\/richard_avedon-in_the_american_west_4_de_124_oscarenfotos-240x300.webp 240w,http:\/\/photocello.com\/wp-content\/uploads\/2022\/10\/richard_avedon-in_the_american_west_4_de_124_oscarenfotos-819x1024.webp 819w,http:\/\/photocello.com\/wp-content\/uploads\/2022\/10\/richard_avedon-in_the_american_west_4_de_124_oscarenfotos.webp 1297w\" sizes=\"250px\"\/><\/a><\/div><div class=\"sgb-item\"><a href=\"https:\/\/photocello.com\/?attachment_id=13749\" target=\"_blank\"><img decoding=\"async\" alt=\"\" width=\"240\" height=\"300\" loading=\"lazy\" src=\"http:\/\/photocello.com\/wp-content\/uploads\/2022\/10\/richard_avedon-in_the_american_west_123_de_124_oscarenfotos-240x300.jpeg\" srcset=\"http:\/\/photocello.com\/wp-content\/uploads\/2022\/10\/richard_avedon-in_the_american_west_123_de_124_oscarenfotos-240x300.jpeg 240w,http:\/\/photocello.com\/wp-content\/uploads\/2022\/10\/richard_avedon-in_the_american_west_123_de_124_oscarenfotos-819x1024.jpeg 819w,http:\/\/photocello.com\/wp-content\/uploads\/2022\/10\/richard_avedon-in_the_american_west_123_de_124_oscarenfotos.jpeg 1297w\" sizes=\"250px\"\/><\/a><\/div><div class=\"sgb-item\"><a href=\"https:\/\/photocello.com\/?attachment_id=13748\" target=\"_blank\"><img decoding=\"async\" alt=\"\" width=\"240\" height=\"300\" loading=\"lazy\" src=\"http:\/\/photocello.com\/wp-content\/uploads\/2022\/10\/richard_avedon-in_the_american_west_122_de_124_oscarenfotos-240x300.jpeg\" srcset=\"http:\/\/photocello.com\/wp-content\/uploads\/2022\/10\/richard_avedon-in_the_american_west_122_de_124_oscarenfotos-240x300.jpeg 240w,http:\/\/photocello.com\/wp-content\/uploads\/2022\/10\/richard_avedon-in_the_american_west_122_de_124_oscarenfotos-819x1024.jpeg 819w,http:\/\/photocello.com\/wp-content\/uploads\/2022\/10\/richard_avedon-in_the_american_west_122_de_124_oscarenfotos.jpeg 1297w\" sizes=\"250px\"\/><\/a><\/div><div class=\"sgb-item\"><a href=\"https:\/\/photocello.com\/?attachment_id=13747\" target=\"_blank\"><img decoding=\"async\" alt=\"\" width=\"240\" height=\"300\" loading=\"lazy\" src=\"http:\/\/photocello.com\/wp-content\/uploads\/2022\/10\/richard_avedon-in_the_american_west_5_de_124_oscarenfotos-240x300.jpeg\" srcset=\"http:\/\/photocello.com\/wp-content\/uploads\/2022\/10\/richard_avedon-in_the_american_west_5_de_124_oscarenfotos-240x300.jpeg 240w,http:\/\/photocello.com\/wp-content\/uploads\/2022\/10\/richard_avedon-in_the_american_west_5_de_124_oscarenfotos-819x1024.jpeg 819w,http:\/\/photocello.com\/wp-content\/uploads\/2022\/10\/richard_avedon-in_the_american_west_5_de_124_oscarenfotos.jpeg 1297w\" sizes=\"250px\"\/><\/a><\/div><\/div><\/div><script type=\"application\/json\" class=\"sgb-data\">{\"galleryType\":\"pgc_sgb_masonry\",\"galleryId\":\"59996750\",\"images\":[{\"id\":13750,\"title\":\"richard_avedon-in_the_american_west_4_de_124_oscarenfotos\",\"url\":\"http:\/\/photocello.com\/wp-content\/uploads\/2022\/10\/richard_avedon-in_the_american_west_4_de_124_oscarenfotos.webp\",\"link\":\"https:\/\/photocello.com\/?attachment_id=13750\",\"alt\":\"\",\"description\":\"\",\"caption\":\"\",\"mime\":\"image\/webp\",\"type\":\"image\",\"width\":1297,\"height\":1621,\"sizes\":{\"thumbnail\":{\"height\":150,\"width\":150,\"url\":\"http:\/\/photocello.com\/wp-content\/uploads\/2022\/10\/richard_avedon-in_the_american_west_4_de_124_oscarenfotos-150x150.webp\",\"orientation\":\"landscape\"},\"medium\":{\"height\":300,\"width\":240,\"url\":\"http:\/\/photocello.com\/wp-content\/uploads\/2022\/10\/richard_avedon-in_the_american_west_4_de_124_oscarenfotos-240x300.webp\",\"orientation\":\"portrait\"},\"large\":{\"height\":1024,\"width\":819,\"url\":\"http:\/\/photocello.com\/wp-content\/uploads\/2022\/10\/richard_avedon-in_the_american_west_4_de_124_oscarenfotos-819x1024.webp\",\"orientation\":\"portrait\"},\"full\":{\"url\":\"http:\/\/photocello.com\/wp-content\/uploads\/2022\/10\/richard_avedon-in_the_american_west_4_de_124_oscarenfotos.webp\",\"height\":1621,\"width\":1297,\"orientation\":\"portrait\"}},\"meta\":false,\"postlink\":\"https:\/\/photocello.com\/?attachment_id=13750\"},{\"id\":13749,\"title\":\"richard_avedon-in_the_american_west_123_de_124_oscarenfotos\",\"url\":\"http:\/\/photocello.com\/wp-content\/uploads\/2022\/10\/richard_avedon-in_the_american_west_123_de_124_oscarenfotos.jpeg\",\"link\":\"https:\/\/photocello.com\/?attachment_id=13749\",\"alt\":\"\",\"description\":\"\",\"caption\":\"\",\"mime\":\"image\/jpeg\",\"type\":\"image\",\"width\":1297,\"height\":1621,\"sizes\":{\"thumbnail\":{\"height\":150,\"width\":150,\"url\":\"http:\/\/photocello.com\/wp-content\/uploads\/2022\/10\/richard_avedon-in_the_american_west_123_de_124_oscarenfotos-150x150.jpeg\",\"orientation\":\"landscape\"},\"medium\":{\"height\":300,\"width\":240,\"url\":\"http:\/\/photocello.com\/wp-content\/uploads\/2022\/10\/richard_avedon-in_the_american_west_123_de_124_oscarenfotos-240x300.jpeg\",\"orientation\":\"portrait\"},\"large\":{\"height\":1024,\"width\":819,\"url\":\"http:\/\/photocello.com\/wp-content\/uploads\/2022\/10\/richard_avedon-in_the_american_west_123_de_124_oscarenfotos-819x1024.jpeg\",\"orientation\":\"portrait\"},\"full\":{\"url\":\"http:\/\/photocello.com\/wp-content\/uploads\/2022\/10\/richard_avedon-in_the_american_west_123_de_124_oscarenfotos.jpeg\",\"height\":1621,\"width\":1297,\"orientation\":\"portrait\"}},\"meta\":false,\"postlink\":\"https:\/\/photocello.com\/?attachment_id=13749\"},{\"id\":13748,\"title\":\"richard_avedon-in_the_american_west_122_de_124_oscarenfotos\",\"url\":\"http:\/\/photocello.com\/wp-content\/uploads\/2022\/10\/richard_avedon-in_the_american_west_122_de_124_oscarenfotos.jpeg\",\"link\":\"https:\/\/photocello.com\/?attachment_id=13748\",\"alt\":\"\",\"description\":\"\",\"caption\":\"\",\"mime\":\"image\/jpeg\",\"type\":\"image\",\"width\":1297,\"height\":1621,\"sizes\":{\"thumbnail\":{\"height\":150,\"width\":150,\"url\":\"http:\/\/photocello.com\/wp-content\/uploads\/2022\/10\/richard_avedon-in_the_american_west_122_de_124_oscarenfotos-150x150.jpeg\",\"orientation\":\"landscape\"},\"medium\":{\"height\":300,\"width\":240,\"url\":\"http:\/\/photocello.com\/wp-content\/uploads\/2022\/10\/richard_avedon-in_the_american_west_122_de_124_oscarenfotos-240x300.jpeg\",\"orientation\":\"portrait\"},\"large\":{\"height\":1024,\"width\":819,\"url\":\"http:\/\/photocello.com\/wp-content\/uploads\/2022\/10\/richard_avedon-in_the_american_west_122_de_124_oscarenfotos-819x1024.jpeg\",\"orientation\":\"portrait\"},\"full\":{\"url\":\"http:\/\/photocello.com\/wp-content\/uploads\/2022\/10\/richard_avedon-in_the_american_west_122_de_124_oscarenfotos.jpeg\",\"height\":1621,\"width\":1297,\"orientation\":\"portrait\"}},\"meta\":false,\"postlink\":\"https:\/\/photocello.com\/?attachment_id=13748\"},{\"id\":13747,\"title\":\"richard_avedon-in_the_american_west_5_de_124_oscarenfotos\",\"url\":\"http:\/\/photocello.com\/wp-content\/uploads\/2022\/10\/richard_avedon-in_the_american_west_5_de_124_oscarenfotos.jpeg\",\"link\":\"https:\/\/photocello.com\/?attachment_id=13747\",\"alt\":\"\",\"description\":\"\",\"caption\":\"\",\"mime\":\"image\/jpeg\",\"type\":\"image\",\"width\":1297,\"height\":1621,\"sizes\":{\"thumbnail\":{\"height\":150,\"width\":150,\"url\":\"http:\/\/photocello.com\/wp-content\/uploads\/2022\/10\/richard_avedon-in_the_american_west_5_de_124_oscarenfotos-150x150.jpeg\",\"orientation\":\"landscape\"},\"medium\":{\"height\":300,\"width\":240,\"url\":\"http:\/\/photocello.com\/wp-content\/uploads\/2022\/10\/richard_avedon-in_the_american_west_5_de_124_oscarenfotos-240x300.jpeg\",\"orientation\":\"portrait\"},\"large\":{\"height\":1024,\"width\":819,\"url\":\"http:\/\/photocello.com\/wp-content\/uploads\/2022\/10\/richard_avedon-in_the_american_west_5_de_124_oscarenfotos-819x1024.jpeg\",\"orientation\":\"portrait\"},\"full\":{\"url\":\"http:\/\/photocello.com\/wp-content\/uploads\/2022\/10\/richard_avedon-in_the_american_west_5_de_124_oscarenfotos.jpeg\",\"height\":1621,\"width\":1297,\"orientation\":\"portrait\"}},\"meta\":false,\"postlink\":\"https:\/\/photocello.com\/?attachment_id=13747\"}],\"itemsMetaDataCollection\":[]}<\/script><script>(function(){if(window.PGC_SGB && window.PGC_SGB.searcher){window.PGC_SGB.searcher.initBlocks()}})()<\/script><\/div>","protected":false},"excerpt":{"rendered":"<p>American West Richard Avedon Estados Unidos, 1923-2004 Su trabajo mas famoso \u00abIn the American West\u00bb que son retratos del oeste americano quitando el folclore del western, retratando a gente corriente novios, vagabundos, meseras, rancheros, obreros, con un fondo blanco con una mirada inexpresiva, con la habilidad que tenia de relajar a los modelos Sus fotografias [&hellip;]<\/p>\n","protected":false},"author":2,"featured_media":0,"parent":0,"menu_order":0,"comment_status":"closed","ping_status":"closed","template":"","meta":{"_uag_custom_page_level_css":"","_monsterinsights_skip_tracking":false,"_monsterinsights_sitenote_active":false,"_monsterinsights_sitenote_note":"","_monsterinsights_sitenote_category":0,"_uf_show_specific_survey":0,"_uf_disable_surveys":false,"pgc_sgb_lightbox_settings":"","footnotes":""},"categories":[32],"tags":[],"class_list":["post-13140","page","type-page","status-publish","hentry","category-arte"],"uagb_featured_image_src":{"full":false,"thumbnail":false,"medium":false,"medium_large":false,"large":false,"1536x1536":false,"2048x2048":false,"ect-jetpack-portfolio-featured":false,"ect-featured-content":false,"ect-service":false,"jetpack-portfolio-admin-thumb":false,"featured-content-admin-thumb":false,"service-admin-thumb":false},"uagb_author_info":{"display_name":"hysomaz","author_link":"https:\/\/photocello.com\/?author=2"},"uagb_comment_info":0,"uagb_excerpt":"American West Richard Avedon Estados Unidos, 1923-2004 Su trabajo mas famoso \u00abIn the American West\u00bb que son retratos del oeste americano quitando el folclore del western, retratando a gente corriente novios, vagabundos, meseras, rancheros, obreros, con un fondo blanco con una mirada inexpresiva, con la habilidad que tenia de relajar a los modelos Sus fotografias&hellip;","_links":{"self":[{"href":"https:\/\/photocello.com\/index.php?rest_route=\/wp\/v2\/pages\/13140"}],"collection":[{"href":"https:\/\/photocello.com\/index.php?rest_route=\/wp\/v2\/pages"}],"about":[{"href":"https:\/\/photocello.com\/index.php?rest_route=\/wp\/v2\/types\/page"}],"author":[{"embeddable":true,"href":"https:\/\/photocello.com\/index.php?rest_route=\/wp\/v2\/users\/2"}],"replies":[{"embeddable":true,"href":"https:\/\/photocello.com\/index.php?rest_route=%2Fwp%2Fv2%2Fcomments&post=13140"}],"version-history":[{"count":3,"href":"https:\/\/photocello.com\/index.php?rest_route=\/wp\/v2\/pages\/13140\/revisions"}],"predecessor-version":[{"id":13752,"href":"https:\/\/photocello.com\/index.php?rest_route=\/wp\/v2\/pages\/13140\/revisions\/13752"}],"wp:attachment":[{"href":"https:\/\/photocello.com\/index.php?rest_route=%2Fwp%2Fv2%2Fmedia&parent=13140"}],"wp:term":[{"taxonomy":"category","embeddable":true,"href":"https:\/\/photocello.com\/index.php?rest_route=%2Fwp%2Fv2%2Fcategories&post=13140"},{"taxonomy":"post_tag","embeddable":true,"href":"https:\/\/photocello.com\/index.php?rest_route=%2Fwp%2Fv2%2Ftags&post=13140"}],"curies":[{"name":"wp","href":"https:\/\/api.w.org\/{rel}","templated":true}]}}