{"id":1319,"date":"2022-04-23T21:42:03","date_gmt":"2022-04-23T21:42:03","guid":{"rendered":"https:\/\/photocello.com\/?page_id=1319"},"modified":"2022-09-15T20:22:37","modified_gmt":"2022-09-15T20:22:37","slug":"gertrude-kasebier","status":"publish","type":"page","link":"https:\/\/photocello.com\/?page_id=1319","title":{"rendered":"Gertrude K\u00e4sebier"},"content":{"rendered":"\n<div class=\"wp-block-group alignfull has-ast-global-color-5-background-color has-background is-layout-flow wp-block-group-is-layout-flow\">\n<div class=\"wp-block-media-text is-stacked-on-mobile\" style=\"grid-template-columns:51% auto\"><figure class=\"wp-block-media-text__media\"><img loading=\"lazy\" decoding=\"async\" width=\"1024\" height=\"750\" src=\"http:\/\/photocello.com\/wp-content\/uploads\/2022\/06\/gertrude_kasebier_22.jpg-1024x750.webp\" alt=\"\" class=\"wp-image-13287 size-full\" srcset=\"https:\/\/photocello.com\/wp-content\/uploads\/2022\/06\/gertrude_kasebier_22.jpg-1024x750.webp 1024w, https:\/\/photocello.com\/wp-content\/uploads\/2022\/06\/gertrude_kasebier_22.jpg-300x220.webp 300w, https:\/\/photocello.com\/wp-content\/uploads\/2022\/06\/gertrude_kasebier_22.jpg-768x562.webp 768w, https:\/\/photocello.com\/wp-content\/uploads\/2022\/06\/gertrude_kasebier_22.jpg-1170x856.webp 1170w, https:\/\/photocello.com\/wp-content\/uploads\/2022\/06\/gertrude_kasebier_22.jpg.webp 1205w\" sizes=\"(max-width: 1024px) 100vw, 1024px\" \/><\/figure><div class=\"wp-block-media-text__content\">\n<h6 class=\"has-ast-global-color-0-color has-text-color wp-block-heading\">La Pictioralista Americana<\/h6>\n\n\n\n<h2 class=\"has-ast-global-color-2-color has-text-color wp-block-heading\">Gertrude K\u00e4sebier<\/h2>\n\n\n\n<p> <strong>Iowa USA <\/strong>en 1852 -1927<\/p>\n\n\n\n<p>Fotografia pictorica con composici\u00f3nes s\u00f3lidas<\/p>\n\n\n\n<p>Ama de casa burguesa que en aquella epoca estaba bien visto estudiar o interesarse por la fotografia<\/p>\n\n\n\n<p>Retratista de indios americanos de forma cercana y personal intentando reflejar el rostro mas que lo etnico porque habia crecido cerca de ellos.<\/p>\n\n\n\n<p>Sus retratos son de corte m\u00e1s psicol\u00f3gico, relajando a sus modelos.<\/p>\n\n\n\n<p>Gertrude K\u00e4sebier influy\u00f3 de manera muy importante en fot\u00f3grafas como Laura Gilpin, Clara Estella Sipprell y, notablemente, en Imogen Cunningham<\/p>\n\n\n\n<p>Valorada por aportaciones tales como el retrato psicol\u00f3gico, la pose natural, la fotograf\u00eda tem\u00e1tica o el retrato de ind\u00edgenas desprovisto de folclorismos.<\/p>\n<\/div><\/div>\n<\/div>\n\n\n\n<div class=\"wp-block-group has-global-padding is-layout-constrained wp-block-group-is-layout-constrained\"><\/div>\n\n\n\n<div class=\"wp-block-group alignwide has-ast-global-color-5-background-color has-background is-layout-flow wp-block-group-is-layout-flow\"><\/div>\n\n\n\n<div class=\"wp-block-group alignwide is-layout-flow wp-block-group-is-layout-flow\">\n<h5 class=\"wp-block-heading\">GALLERY<\/h5>\n\n\n\n<figure class=\"wp-block-gallery has-nested-images columns-default is-cropped wp-block-gallery-1 is-layout-flex wp-block-gallery-is-layout-flex\">\n<figure class=\"wp-block-image size-full\"><img loading=\"lazy\" decoding=\"async\" width=\"900\" height=\"984\" src=\"http:\/\/photocello.com\/wp-content\/uploads\/2022\/06\/gertrude_kasebier_49_1910-1.jpeg\" alt=\"\" class=\"wp-image-13290\" srcset=\"https:\/\/photocello.com\/wp-content\/uploads\/2022\/06\/gertrude_kasebier_49_1910-1.jpeg 900w, https:\/\/photocello.com\/wp-content\/uploads\/2022\/06\/gertrude_kasebier_49_1910-1-274x300.jpeg 274w, https:\/\/photocello.com\/wp-content\/uploads\/2022\/06\/gertrude_kasebier_49_1910-1-768x840.jpeg 768w\" sizes=\"(max-width: 900px) 100vw, 900px\" \/><\/figure>\n\n\n\n<figure class=\"wp-block-image size-large\"><img loading=\"lazy\" decoding=\"async\" width=\"739\" height=\"1024\" src=\"http:\/\/photocello.com\/wp-content\/uploads\/2022\/06\/gertrude_kasebier_2-739x1024.jpeg\" alt=\"\" class=\"wp-image-13288\" srcset=\"https:\/\/photocello.com\/wp-content\/uploads\/2022\/06\/gertrude_kasebier_2-739x1024.jpeg 739w, https:\/\/photocello.com\/wp-content\/uploads\/2022\/06\/gertrude_kasebier_2-217x300.jpeg 217w, https:\/\/photocello.com\/wp-content\/uploads\/2022\/06\/gertrude_kasebier_2-768x1064.jpeg 768w, https:\/\/photocello.com\/wp-content\/uploads\/2022\/06\/gertrude_kasebier_2-1109x1536.jpeg 1109w, https:\/\/photocello.com\/wp-content\/uploads\/2022\/06\/gertrude_kasebier_2-1170x1621.jpeg 1170w, https:\/\/photocello.com\/wp-content\/uploads\/2022\/06\/gertrude_kasebier_2.jpeg 1436w\" sizes=\"(max-width: 739px) 100vw, 739px\" \/><\/figure>\n\n\n\n<figure class=\"wp-block-image size-full\"><img loading=\"lazy\" decoding=\"async\" width=\"236\" height=\"311\" src=\"http:\/\/photocello.com\/wp-content\/uploads\/2022\/06\/gertrude_kasebier_3.jpeg\" alt=\"\" class=\"wp-image-13289\" srcset=\"https:\/\/photocello.com\/wp-content\/uploads\/2022\/06\/gertrude_kasebier_3.jpeg 236w, https:\/\/photocello.com\/wp-content\/uploads\/2022\/06\/gertrude_kasebier_3-228x300.jpeg 228w\" sizes=\"(max-width: 236px) 100vw, 236px\" \/><\/figure>\n\n\n\n<figure class=\"wp-block-image size-large\"><img loading=\"lazy\" decoding=\"async\" width=\"900\" height=\"984\" src=\"https:\/\/photocello.com\/wp-content\/uploads\/2022\/09\/gertrude_kasebier_49_1910-1.jpeg\" alt=\"\" class=\"wp-image-13622\" srcset=\"https:\/\/photocello.com\/wp-content\/uploads\/2022\/09\/gertrude_kasebier_49_1910-1.jpeg 900w, https:\/\/photocello.com\/wp-content\/uploads\/2022\/09\/gertrude_kasebier_49_1910-1-274x300.jpeg 274w, https:\/\/photocello.com\/wp-content\/uploads\/2022\/09\/gertrude_kasebier_49_1910-1-768x840.jpeg 768w\" sizes=\"(max-width: 900px) 100vw, 900px\" \/><\/figure>\n\n\n\n<figure class=\"wp-block-image size-large\"><img loading=\"lazy\" decoding=\"async\" width=\"770\" height=\"1024\" src=\"https:\/\/photocello.com\/wp-content\/uploads\/2022\/09\/gertrude_kasebier_50.webp\" alt=\"\" class=\"wp-image-13623\" srcset=\"https:\/\/photocello.com\/wp-content\/uploads\/2022\/09\/gertrude_kasebier_50.webp 770w, https:\/\/photocello.com\/wp-content\/uploads\/2022\/09\/gertrude_kasebier_50-226x300.webp 226w, https:\/\/photocello.com\/wp-content\/uploads\/2022\/09\/gertrude_kasebier_50-768x1021.webp 768w\" sizes=\"(max-width: 770px) 100vw, 770px\" \/><\/figure>\n<\/figure>\n<\/div>\n","protected":false},"excerpt":{"rendered":"<p>La Pictioralista Americana Gertrude K\u00e4sebier Iowa USA en 1852 -1927 Fotografia pictorica con composici\u00f3nes s\u00f3lidas Ama de casa burguesa que en aquella epoca estaba bien visto estudiar o interesarse por la fotografia Retratista de indios americanos de forma cercana y personal intentando reflejar el rostro mas que lo etnico porque habia crecido cerca de ellos. [&hellip;]<\/p>\n","protected":false},"author":1,"featured_media":0,"parent":0,"menu_order":0,"comment_status":"closed","ping_status":"closed","template":"","meta":{"_uag_custom_page_level_css":"","_monsterinsights_skip_tracking":false,"_monsterinsights_sitenote_active":false,"_monsterinsights_sitenote_note":"","_monsterinsights_sitenote_category":0,"_uf_show_specific_survey":0,"_uf_disable_surveys":false,"pgc_sgb_lightbox_settings":"","footnotes":""},"categories":[27],"tags":[],"class_list":["post-1319","page","type-page","status-publish","hentry","category-fotografos"],"uagb_featured_image_src":{"full":false,"thumbnail":false,"medium":false,"medium_large":false,"large":false,"1536x1536":false,"2048x2048":false,"ect-jetpack-portfolio-featured":false,"ect-featured-content":false,"ect-service":false,"jetpack-portfolio-admin-thumb":false,"featured-content-admin-thumb":false,"service-admin-thumb":false},"uagb_author_info":{"display_name":"henrribas@gmail.com","author_link":"https:\/\/photocello.com\/?author=1"},"uagb_comment_info":0,"uagb_excerpt":"La Pictioralista Americana Gertrude K\u00e4sebier Iowa USA en 1852 -1927 Fotografia pictorica con composici\u00f3nes s\u00f3lidas Ama de casa burguesa que en aquella epoca estaba bien visto estudiar o interesarse por la fotografia Retratista de indios americanos de forma cercana y personal intentando reflejar el rostro mas que lo etnico porque habia crecido cerca de ellos.&hellip;","_links":{"self":[{"href":"https:\/\/photocello.com\/index.php?rest_route=\/wp\/v2\/pages\/1319"}],"collection":[{"href":"https:\/\/photocello.com\/index.php?rest_route=\/wp\/v2\/pages"}],"about":[{"href":"https:\/\/photocello.com\/index.php?rest_route=\/wp\/v2\/types\/page"}],"author":[{"embeddable":true,"href":"https:\/\/photocello.com\/index.php?rest_route=\/wp\/v2\/users\/1"}],"replies":[{"embeddable":true,"href":"https:\/\/photocello.com\/index.php?rest_route=%2Fwp%2Fv2%2Fcomments&post=1319"}],"version-history":[{"count":7,"href":"https:\/\/photocello.com\/index.php?rest_route=\/wp\/v2\/pages\/1319\/revisions"}],"predecessor-version":[{"id":13624,"href":"https:\/\/photocello.com\/index.php?rest_route=\/wp\/v2\/pages\/1319\/revisions\/13624"}],"wp:attachment":[{"href":"https:\/\/photocello.com\/index.php?rest_route=%2Fwp%2Fv2%2Fmedia&parent=1319"}],"wp:term":[{"taxonomy":"category","embeddable":true,"href":"https:\/\/photocello.com\/index.php?rest_route=%2Fwp%2Fv2%2Fcategories&post=1319"},{"taxonomy":"post_tag","embeddable":true,"href":"https:\/\/photocello.com\/index.php?rest_route=%2Fwp%2Fv2%2Ftags&post=1319"}],"curies":[{"name":"wp","href":"https:\/\/api.w.org\/{rel}","templated":true}]}}