{"id":13581,"date":"2022-09-12T21:39:52","date_gmt":"2022-09-12T21:39:52","guid":{"rendered":"https:\/\/photocello.com\/?page_id=13581"},"modified":"2022-09-15T20:02:57","modified_gmt":"2022-09-15T20:02:57","slug":"aa-1","status":"publish","type":"page","link":"https:\/\/photocello.com\/?page_id=13581","title":{"rendered":"Imogen Cunningham"},"content":{"rendered":"\n<div class=\"wp-block-media-text alignwide is-stacked-on-mobile\"><figure class=\"wp-block-media-text__media\"><img loading=\"lazy\" decoding=\"async\" width=\"743\" height=\"1024\" src=\"http:\/\/photocello.com\/wp-content\/uploads\/2022\/04\/Captura-de-pantalla-2022-04-21-a-las-15.00.19-743x1024.png\" alt=\"\" class=\"wp-image-1163 size-full\"\/><\/figure><div class=\"wp-block-media-text__content\">\n<h6 class=\"wp-block-heading\">Pictorialista y Directa<\/h6>\n\n\n\n<p><strong>Oregon, Estados Unidos<\/strong>, 1883-1976<\/p>\n\n\n\n<p>Realiz\u00f3 retratos, fotograf\u00eda bot\u00e1nica, desnudo y fotograf\u00eda de calle.<\/p>\n\n\n\n<p>Ya desde peque\u00f1a mostraba dotes por las artes pero el momento clave fue conocer el trabajo de Gertrude Kasebier, sobre todos las imagenes pictorialistas.<\/p>\n\n\n\n<p>Asi empezo a realizar fotografias tabues en aquella \u00e9poca, desnudo y autoretratos de desnudos de hombres y mujeres embarazadas.<\/p>\n\n\n\n<p>Empezo a trabajar con uno de los retratistas mas importantes Edward Curtis<\/p>\n\n\n\n<p>De gran importancia su trabajo con la tecnica de Planitotipia, fotografia de contaco muy dificil de realizar con solucion de platino y paladio.<\/p>\n\n\n\n<p>Al regresar a Setlle tras sus estudios en Alemania se centra en los retratos pictorialistas.<\/p>\n\n\n\n<p>Fue muy criticada su obra de desnudo de su marido artista en la naturaleza.<\/p>\n\n\n\n<p>Se interesaba por descontextualizar el cuerpo y convertir las formas org\u00e1nicas del cuerpo desnudo en formas y valores pl\u00e1sticos, sin interesarle ni el erotismo ni genitalidad.<\/p>\n\n\n\n<p>La artista persigue la belleza a trav\u00e9s de las formas, vista desde un punto de vista helenico (los griegos ve\u00edan un v\u00ednculo entre la excelencia moral y la perfecci\u00f3n f\u00edsica como signo de triunfo)<\/p>\n\n\n\n<p>Su fotografia se acerca al pictorialismo.<\/p>\n\n\n\n<p>M\u00e1s tarde realiza fotografia mas directa creando la obra Triangles, cuando pasa del pictorialis<\/p>\n<\/div><\/div>\n\n\n\n<figure class=\"wp-block-gallery has-nested-images columns-default is-cropped wp-block-gallery-1 is-layout-flex wp-block-gallery-is-layout-flex\">\n<figure class=\"wp-block-image size-large\"><img loading=\"lazy\" decoding=\"async\" width=\"706\" height=\"1024\" data-id=\"1164\" src=\"https:\/\/photocello.com\/wp-content\/uploads\/2022\/04\/Captura-de-pantalla-2022-04-21-a-las-14.53.22-706x1024.png\" alt=\"\" class=\"wp-image-1164\" srcset=\"https:\/\/photocello.com\/wp-content\/uploads\/2022\/04\/Captura-de-pantalla-2022-04-21-a-las-14.53.22-706x1024.png 706w, https:\/\/photocello.com\/wp-content\/uploads\/2022\/04\/Captura-de-pantalla-2022-04-21-a-las-14.53.22-207x300.png 207w, https:\/\/photocello.com\/wp-content\/uploads\/2022\/04\/Captura-de-pantalla-2022-04-21-a-las-14.53.22.png 756w\" sizes=\"(max-width: 706px) 100vw, 706px\" \/><\/figure>\n\n\n\n<figure class=\"wp-block-image size-large\"><img loading=\"lazy\" decoding=\"async\" width=\"742\" height=\"1024\" data-id=\"1183\" src=\"https:\/\/photocello.com\/wp-content\/uploads\/2022\/04\/Captura-de-pantalla-2022-04-21-a-las-14.52.44-1-742x1024.png\" alt=\"\" class=\"wp-image-1183\" srcset=\"https:\/\/photocello.com\/wp-content\/uploads\/2022\/04\/Captura-de-pantalla-2022-04-21-a-las-14.52.44-1-742x1024.png 742w, https:\/\/photocello.com\/wp-content\/uploads\/2022\/04\/Captura-de-pantalla-2022-04-21-a-las-14.52.44-1-217x300.png 217w, https:\/\/photocello.com\/wp-content\/uploads\/2022\/04\/Captura-de-pantalla-2022-04-21-a-las-14.52.44-1-768x1060.png 768w, https:\/\/photocello.com\/wp-content\/uploads\/2022\/04\/Captura-de-pantalla-2022-04-21-a-las-14.52.44-1.png 920w\" sizes=\"(max-width: 742px) 100vw, 742px\" \/><\/figure>\n\n\n\n<figure class=\"wp-block-image size-large\"><img loading=\"lazy\" decoding=\"async\" width=\"1024\" height=\"760\" data-id=\"1172\" src=\"https:\/\/photocello.com\/wp-content\/uploads\/2022\/04\/Captura-de-pantalla-2022-04-21-a-las-14.53.35-1024x760.png\" alt=\"\" class=\"wp-image-1172\" srcset=\"https:\/\/photocello.com\/wp-content\/uploads\/2022\/04\/Captura-de-pantalla-2022-04-21-a-las-14.53.35-1024x760.png 1024w, https:\/\/photocello.com\/wp-content\/uploads\/2022\/04\/Captura-de-pantalla-2022-04-21-a-las-14.53.35-300x223.png 300w, https:\/\/photocello.com\/wp-content\/uploads\/2022\/04\/Captura-de-pantalla-2022-04-21-a-las-14.53.35-768x570.png 768w, https:\/\/photocello.com\/wp-content\/uploads\/2022\/04\/Captura-de-pantalla-2022-04-21-a-las-14.53.35-1536x1140.png 1536w, https:\/\/photocello.com\/wp-content\/uploads\/2022\/04\/Captura-de-pantalla-2022-04-21-a-las-14.53.35-1568x1163.png 1568w, https:\/\/photocello.com\/wp-content\/uploads\/2022\/04\/Captura-de-pantalla-2022-04-21-a-las-14.53.35.png 1814w\" sizes=\"(max-width: 1024px) 100vw, 1024px\" \/><\/figure>\n\n\n\n<figure class=\"wp-block-image size-large\"><img loading=\"lazy\" decoding=\"async\" width=\"701\" height=\"1024\" data-id=\"1171\" src=\"https:\/\/photocello.com\/wp-content\/uploads\/2022\/04\/Captura-de-pantalla-2022-04-21-a-las-14.58.24-701x1024.png\" alt=\"\" class=\"wp-image-1171\" srcset=\"https:\/\/photocello.com\/wp-content\/uploads\/2022\/04\/Captura-de-pantalla-2022-04-21-a-las-14.58.24-701x1024.png 701w, https:\/\/photocello.com\/wp-content\/uploads\/2022\/04\/Captura-de-pantalla-2022-04-21-a-las-14.58.24-205x300.png 205w, https:\/\/photocello.com\/wp-content\/uploads\/2022\/04\/Captura-de-pantalla-2022-04-21-a-las-14.58.24-768x1123.png 768w, https:\/\/photocello.com\/wp-content\/uploads\/2022\/04\/Captura-de-pantalla-2022-04-21-a-las-14.58.24.png 914w\" sizes=\"(max-width: 701px) 100vw, 701px\" \/><\/figure>\n\n\n\n<figure class=\"wp-block-image size-large\"><img loading=\"lazy\" decoding=\"async\" width=\"768\" height=\"1024\" data-id=\"1170\" src=\"https:\/\/photocello.com\/wp-content\/uploads\/2022\/04\/Captura-de-pantalla-2022-04-21-a-las-14.59.48-768x1024.png\" alt=\"\" class=\"wp-image-1170\" srcset=\"https:\/\/photocello.com\/wp-content\/uploads\/2022\/04\/Captura-de-pantalla-2022-04-21-a-las-14.59.48-768x1025.png 768w, https:\/\/photocello.com\/wp-content\/uploads\/2022\/04\/Captura-de-pantalla-2022-04-21-a-las-14.59.48-225x300.png 225w, https:\/\/photocello.com\/wp-content\/uploads\/2022\/04\/Captura-de-pantalla-2022-04-21-a-las-14.59.48.png 1006w\" sizes=\"(max-width: 768px) 100vw, 768px\" \/><\/figure>\n\n\n\n<figure class=\"wp-block-image size-large\"><img loading=\"lazy\" decoding=\"async\" width=\"728\" height=\"1024\" data-id=\"1169\" src=\"https:\/\/photocello.com\/wp-content\/uploads\/2022\/04\/Captura-de-pantalla-2022-04-21-a-las-14.55.07-728x1024.png\" alt=\"\" class=\"wp-image-1169\" srcset=\"https:\/\/photocello.com\/wp-content\/uploads\/2022\/04\/Captura-de-pantalla-2022-04-21-a-las-14.55.07-728x1024.png 728w, https:\/\/photocello.com\/wp-content\/uploads\/2022\/04\/Captura-de-pantalla-2022-04-21-a-las-14.55.07-213x300.png 213w, https:\/\/photocello.com\/wp-content\/uploads\/2022\/04\/Captura-de-pantalla-2022-04-21-a-las-14.55.07-768x1080.png 768w, https:\/\/photocello.com\/wp-content\/uploads\/2022\/04\/Captura-de-pantalla-2022-04-21-a-las-14.55.07.png 886w\" sizes=\"(max-width: 728px) 100vw, 728px\" \/><\/figure>\n\n\n\n<figure class=\"wp-block-image size-large\"><img loading=\"lazy\" decoding=\"async\" width=\"1024\" height=\"746\" data-id=\"1168\" src=\"https:\/\/photocello.com\/wp-content\/uploads\/2022\/04\/Captura-de-pantalla-2022-04-21-a-las-14.59.22-1024x746.png\" alt=\"\" class=\"wp-image-1168\" srcset=\"https:\/\/photocello.com\/wp-content\/uploads\/2022\/04\/Captura-de-pantalla-2022-04-21-a-las-14.59.22-1024x746.png 1024w, https:\/\/photocello.com\/wp-content\/uploads\/2022\/04\/Captura-de-pantalla-2022-04-21-a-las-14.59.22-300x218.png 300w, https:\/\/photocello.com\/wp-content\/uploads\/2022\/04\/Captura-de-pantalla-2022-04-21-a-las-14.59.22-768x559.png 768w, https:\/\/photocello.com\/wp-content\/uploads\/2022\/04\/Captura-de-pantalla-2022-04-21-a-las-14.59.22.png 1140w\" sizes=\"(max-width: 1024px) 100vw, 1024px\" \/><\/figure>\n\n\n\n<figure class=\"wp-block-image size-large\"><img loading=\"lazy\" decoding=\"async\" width=\"760\" height=\"1024\" data-id=\"1167\" src=\"https:\/\/photocello.com\/wp-content\/uploads\/2022\/04\/Captura-de-pantalla-2022-04-21-a-las-14.53.53-760x1024.png\" alt=\"\" class=\"wp-image-1167\" srcset=\"https:\/\/photocello.com\/wp-content\/uploads\/2022\/04\/Captura-de-pantalla-2022-04-21-a-las-14.53.53-760x1024.png 760w, https:\/\/photocello.com\/wp-content\/uploads\/2022\/04\/Captura-de-pantalla-2022-04-21-a-las-14.53.53-223x300.png 223w, https:\/\/photocello.com\/wp-content\/uploads\/2022\/04\/Captura-de-pantalla-2022-04-21-a-las-14.53.53-768x1035.png 768w, https:\/\/photocello.com\/wp-content\/uploads\/2022\/04\/Captura-de-pantalla-2022-04-21-a-las-14.53.53.png 950w\" sizes=\"(max-width: 760px) 100vw, 760px\" \/><\/figure>\n\n\n\n<figure class=\"wp-block-image size-large\"><img loading=\"lazy\" decoding=\"async\" width=\"906\" height=\"730\" data-id=\"1166\" src=\"https:\/\/photocello.com\/wp-content\/uploads\/2022\/04\/Captura-de-pantalla-2022-04-21-a-las-14.55.21.png\" alt=\"\" class=\"wp-image-1166\" srcset=\"https:\/\/photocello.com\/wp-content\/uploads\/2022\/04\/Captura-de-pantalla-2022-04-21-a-las-14.55.21.png 906w, https:\/\/photocello.com\/wp-content\/uploads\/2022\/04\/Captura-de-pantalla-2022-04-21-a-las-14.55.21-300x242.png 300w, https:\/\/photocello.com\/wp-content\/uploads\/2022\/04\/Captura-de-pantalla-2022-04-21-a-las-14.55.21-768x619.png 768w\" sizes=\"(max-width: 906px) 100vw, 906px\" \/><\/figure>\n\n\n\n<figure class=\"wp-block-image size-large\"><img loading=\"lazy\" decoding=\"async\" width=\"788\" height=\"1024\" data-id=\"13614\" src=\"https:\/\/photocello.com\/wp-content\/uploads\/2022\/09\/imogen_street-788x1024.jpeg\" alt=\"\" class=\"wp-image-13614\" srcset=\"https:\/\/photocello.com\/wp-content\/uploads\/2022\/09\/imogen_street-788x1024.jpeg 788w, https:\/\/photocello.com\/wp-content\/uploads\/2022\/09\/imogen_street-231x300.jpeg 231w, https:\/\/photocello.com\/wp-content\/uploads\/2022\/09\/imogen_street-768x998.jpeg 768w, https:\/\/photocello.com\/wp-content\/uploads\/2022\/09\/imogen_street.jpeg 1154w\" sizes=\"(max-width: 788px) 100vw, 788px\" \/><\/figure>\n\n\n\n<figure class=\"wp-block-image size-large\"><img loading=\"lazy\" decoding=\"async\" width=\"500\" height=\"591\" data-id=\"13615\" src=\"https:\/\/photocello.com\/wp-content\/uploads\/2022\/09\/imogen-cunningham-1.jpeg\" alt=\"\" class=\"wp-image-13615\" srcset=\"https:\/\/photocello.com\/wp-content\/uploads\/2022\/09\/imogen-cunningham-1.jpeg 500w, https:\/\/photocello.com\/wp-content\/uploads\/2022\/09\/imogen-cunningham-1-254x300.jpeg 254w\" sizes=\"(max-width: 500px) 100vw, 500px\" \/><\/figure>\n<\/figure>\n","protected":false},"excerpt":{"rendered":"<p>Pictorialista y Directa Oregon, Estados Unidos, 1883-1976 Realiz\u00f3 retratos, fotograf\u00eda bot\u00e1nica, desnudo y fotograf\u00eda de calle. Ya desde peque\u00f1a mostraba dotes por las artes pero el momento clave fue conocer el trabajo de Gertrude Kasebier, sobre todos las imagenes pictorialistas. Asi empezo a realizar fotografias tabues en aquella \u00e9poca, desnudo y autoretratos de desnudos de [&hellip;]<\/p>\n","protected":false},"author":1,"featured_media":0,"parent":0,"menu_order":0,"comment_status":"closed","ping_status":"closed","template":"","meta":{"_uag_custom_page_level_css":"","_monsterinsights_skip_tracking":false,"_monsterinsights_sitenote_active":false,"_monsterinsights_sitenote_note":"","_monsterinsights_sitenote_category":0,"_uf_show_specific_survey":0,"_uf_disable_surveys":false,"pgc_sgb_lightbox_settings":"","footnotes":""},"categories":[27],"tags":[],"class_list":["post-13581","page","type-page","status-publish","hentry","category-fotografos"],"uagb_featured_image_src":{"full":false,"thumbnail":false,"medium":false,"medium_large":false,"large":false,"1536x1536":false,"2048x2048":false,"ect-jetpack-portfolio-featured":false,"ect-featured-content":false,"ect-service":false,"jetpack-portfolio-admin-thumb":false,"featured-content-admin-thumb":false,"service-admin-thumb":false},"uagb_author_info":{"display_name":"henrribas@gmail.com","author_link":"https:\/\/photocello.com\/?author=1"},"uagb_comment_info":0,"uagb_excerpt":"Pictorialista y Directa Oregon, Estados Unidos, 1883-1976 Realiz\u00f3 retratos, fotograf\u00eda bot\u00e1nica, desnudo y fotograf\u00eda de calle. Ya desde peque\u00f1a mostraba dotes por las artes pero el momento clave fue conocer el trabajo de Gertrude Kasebier, sobre todos las imagenes pictorialistas. Asi empezo a realizar fotografias tabues en aquella \u00e9poca, desnudo y autoretratos de desnudos de&hellip;","_links":{"self":[{"href":"https:\/\/photocello.com\/index.php?rest_route=\/wp\/v2\/pages\/13581"}],"collection":[{"href":"https:\/\/photocello.com\/index.php?rest_route=\/wp\/v2\/pages"}],"about":[{"href":"https:\/\/photocello.com\/index.php?rest_route=\/wp\/v2\/types\/page"}],"author":[{"embeddable":true,"href":"https:\/\/photocello.com\/index.php?rest_route=\/wp\/v2\/users\/1"}],"replies":[{"embeddable":true,"href":"https:\/\/photocello.com\/index.php?rest_route=%2Fwp%2Fv2%2Fcomments&post=13581"}],"version-history":[{"count":7,"href":"https:\/\/photocello.com\/index.php?rest_route=\/wp\/v2\/pages\/13581\/revisions"}],"predecessor-version":[{"id":13618,"href":"https:\/\/photocello.com\/index.php?rest_route=\/wp\/v2\/pages\/13581\/revisions\/13618"}],"wp:attachment":[{"href":"https:\/\/photocello.com\/index.php?rest_route=%2Fwp%2Fv2%2Fmedia&parent=13581"}],"wp:term":[{"taxonomy":"category","embeddable":true,"href":"https:\/\/photocello.com\/index.php?rest_route=%2Fwp%2Fv2%2Fcategories&post=13581"},{"taxonomy":"post_tag","embeddable":true,"href":"https:\/\/photocello.com\/index.php?rest_route=%2Fwp%2Fv2%2Ftags&post=13581"}],"curies":[{"name":"wp","href":"https:\/\/api.w.org\/{rel}","templated":true}]}}