{"id":13767,"date":"2022-10-26T14:17:41","date_gmt":"2022-10-26T14:17:41","guid":{"rendered":"https:\/\/photocello.com\/?page_id=13767"},"modified":"2024-09-09T14:05:58","modified_gmt":"2024-09-09T14:05:58","slug":"eugene-smith","status":"publish","type":"page","link":"https:\/\/photocello.com\/?page_id=13767","title":{"rendered":"Eugene Smith"},"content":{"rendered":"\n<div class=\"wp-block-media-text alignwide is-stacked-on-mobile\"><figure class=\"wp-block-media-text__media\"><img loading=\"lazy\" decoding=\"async\" width=\"882\" height=\"692\" src=\"https:\/\/photocello.com\/wp-content\/uploads\/2022\/10\/Captura-de-Pantalla-2022-10-26-a-las-16.16.50.png\" alt=\"\" class=\"wp-image-13768 size-full\" srcset=\"https:\/\/photocello.com\/wp-content\/uploads\/2022\/10\/Captura-de-Pantalla-2022-10-26-a-las-16.16.50.png 882w, https:\/\/photocello.com\/wp-content\/uploads\/2022\/10\/Captura-de-Pantalla-2022-10-26-a-las-16.16.50-300x235.png 300w, https:\/\/photocello.com\/wp-content\/uploads\/2022\/10\/Captura-de-Pantalla-2022-10-26-a-las-16.16.50-768x603.png 768w\" sizes=\"(max-width: 882px) 100vw, 882px\" \/><\/figure><div class=\"wp-block-media-text__content\">\n<h6 class=\"wp-block-heading\">Country Doctor<\/h6>\n\n\n\n<h2 class=\"wp-block-heading\">Eugene Smith<\/h2>\n\n\n\n<p>Wichita, Kansas 1918- Arizona 1978<\/p>\n\n\n\n<p>Por un encargo de la revista Life <\/p>\n\n\n\n<p>Una frase syua es : Yo no escrib\u00ed las reglas. \u00bfPor qu\u00e9 habr\u00eda de seguirlas, a raiza de que a veces recomponia una escena si veia que intensificaba la imagen.<\/p>\n\n\n\n<p>Tambien real\u00f1izo foto-ensayos de importante calado social y art\u00edstico como\u00a0<em>El Pueblo Espa\u00f1ol<\/em>\u00a0(Deleitosa, Espa\u00f1a, 1950),\u00a0<em>La Comadrona<\/em>\u00a0(Carolina del Sur, 1951), un\u00a0<em>Hombre Piadoso<\/em>\u00a0(Lambar\u00e9n\u00e9, \u00c1frica ecuatorial, 1954) o\u00a0<em>Minamata<\/em>\u00a0(Jap\u00f3n, 1971-1973). Quiz\u00e1 su mejor trabajo fue\u00a0<em>Pittsburgh<\/em>\u00a0(Pensilvania, 1955)<\/p>\n<\/div><\/div>\n\n\n<div class=\"pgc-sgb-cb wp-block-pgcsimplygalleryblock-masonry \" data-gallery-id=\"4ac85766\"><div class=\"sgb-preloader\" id=\"pr_4ac85766\">\n\t<div class=\"sgb-square\" style=\"background:#d4d4d4\"><\/div>\n\t<div class=\"sgb-square\" style=\"background:#d4d4d4\"><\/div>\n\t<div class=\"sgb-square\" style=\"background:#d4d4d4\"><\/div>\n\t<div class=\"sgb-square\" style=\"background:#d4d4d4\"><\/div><\/div><div class=\"simply-gallery-amp pgc_sgb_slider \" style=\"display: none;\"><div class=\"sgb-gallery\"><div class=\"sgb-item\"><a href=\"https:\/\/photocello.com\/?attachment_id=13769\" target=\"_blank\"><img decoding=\"async\" alt=\"\" width=\"300\" height=\"229\" loading=\"lazy\" src=\"http:\/\/photocello.com\/wp-content\/uploads\/2022\/10\/smithpar78362-teaser-story-big-300x229.webp\" srcset=\"http:\/\/photocello.com\/wp-content\/uploads\/2022\/10\/smithpar78362-teaser-story-big-300x229.webp 300w,http:\/\/photocello.com\/wp-content\/uploads\/2022\/10\/smithpar78362-teaser-story-big.webp 922w\" sizes=\"250px\"\/><\/a><\/div><div class=\"sgb-item\"><a href=\"https:\/\/photocello.com\/?attachment_id=13770\" target=\"_blank\"><img decoding=\"async\" alt=\"\" width=\"300\" height=\"235\" loading=\"lazy\" src=\"http:\/\/photocello.com\/wp-content\/uploads\/2022\/10\/smithw-eugene-smith-country-doctor-041-300x235.webp\" srcset=\"http:\/\/photocello.com\/wp-content\/uploads\/2022\/10\/smithw-eugene-smith-country-doctor-041-300x235.webp 300w,http:\/\/photocello.com\/wp-content\/uploads\/2022\/10\/smithw-eugene-smith-country-doctor-041.webp 713w\" sizes=\"250px\"\/><\/a><\/div><div class=\"sgb-item\"><a href=\"https:\/\/photocello.com\/?attachment_id=13771\" target=\"_blank\"><img decoding=\"async\" alt=\"\" width=\"236\" height=\"300\" loading=\"lazy\" src=\"http:\/\/photocello.com\/wp-content\/uploads\/2022\/10\/smithw-eugene-smith-country-doctor-141-236x300.webp\" srcset=\"http:\/\/photocello.com\/wp-content\/uploads\/2022\/10\/smithw-eugene-smith-country-doctor-141-236x300.webp 236w,http:\/\/photocello.com\/wp-content\/uploads\/2022\/10\/smithw-eugene-smith-country-doctor-141.webp 440w\" sizes=\"250px\"\/><\/a><\/div><div class=\"sgb-item\"><a href=\"https:\/\/photocello.com\/?attachment_id=13772\" target=\"_blank\"><img decoding=\"async\" alt=\"\" width=\"300\" height=\"249\" loading=\"lazy\" src=\"http:\/\/photocello.com\/wp-content\/uploads\/2022\/10\/smithw-eugene-smith-country-doctor-181-300x249.webp\" srcset=\"http:\/\/photocello.com\/wp-content\/uploads\/2022\/10\/smithw-eugene-smith-country-doctor-181-300x249.webp 300w,http:\/\/photocello.com\/wp-content\/uploads\/2022\/10\/smithw-eugene-smith-country-doctor-181.webp 674w\" sizes=\"250px\"\/><\/a><\/div><div class=\"sgb-item\"><a href=\"https:\/\/photocello.com\/?attachment_id=13773\" target=\"_blank\"><img decoding=\"async\" alt=\"\" width=\"224\" height=\"300\" loading=\"lazy\" src=\"http:\/\/photocello.com\/wp-content\/uploads\/2022\/10\/smithw-eugene-smith-country-doctor-271-224x300.webp\" srcset=\"http:\/\/photocello.com\/wp-content\/uploads\/2022\/10\/smithw-eugene-smith-country-doctor-271-224x300.webp 224w,http:\/\/photocello.com\/wp-content\/uploads\/2022\/10\/smithw-eugene-smith-country-doctor-271.webp 416w\" sizes=\"250px\"\/><\/a><\/div><div class=\"sgb-item\"><a href=\"https:\/\/photocello.com\/?attachment_id=13774\" target=\"_blank\"><img decoding=\"async\" alt=\"\" width=\"300\" height=\"204\" loading=\"lazy\" src=\"http:\/\/photocello.com\/wp-content\/uploads\/2022\/10\/smithw-eugene-smith-country-doctor-321-300x204.webp\" srcset=\"http:\/\/photocello.com\/wp-content\/uploads\/2022\/10\/smithw-eugene-smith-country-doctor-321-300x204.webp 300w,http:\/\/photocello.com\/wp-content\/uploads\/2022\/10\/smithw-eugene-smith-country-doctor-321.webp 824w\" sizes=\"250px\"\/><\/a><\/div><div class=\"sgb-item\"><a href=\"https:\/\/photocello.com\/?attachment_id=13775\" target=\"_blank\"><img decoding=\"async\" alt=\"\" width=\"300\" height=\"243\" loading=\"lazy\" src=\"http:\/\/photocello.com\/wp-content\/uploads\/2022\/10\/snithw-eugene-smith-country-doctor-011-300x243.webp\" srcset=\"http:\/\/photocello.com\/wp-content\/uploads\/2022\/10\/snithw-eugene-smith-country-doctor-011-300x243.webp 300w,http:\/\/photocello.com\/wp-content\/uploads\/2022\/10\/snithw-eugene-smith-country-doctor-011.webp 690w\" sizes=\"250px\"\/><\/a><\/div><\/div><\/div><script type=\"application\/json\" class=\"sgb-data\">{\"galleryType\":\"pgc_sgb_masonry\",\"galleryId\":\"4ac85766\",\"images\":[{\"id\":13769,\"title\":\"smithpar78362-teaser-story-big\",\"url\":\"http:\/\/photocello.com\/wp-content\/uploads\/2022\/10\/smithpar78362-teaser-story-big.webp\",\"link\":\"https:\/\/photocello.com\/?attachment_id=13769\",\"alt\":\"\",\"description\":\"\",\"caption\":\"\",\"mime\":\"image\/webp\",\"type\":\"image\",\"width\":922,\"height\":704,\"sizes\":{\"thumbnail\":{\"height\":150,\"width\":150,\"url\":\"http:\/\/photocello.com\/wp-content\/uploads\/2022\/10\/smithpar78362-teaser-story-big-150x150.webp\",\"orientation\":\"landscape\"},\"medium\":{\"height\":229,\"width\":300,\"url\":\"http:\/\/photocello.com\/wp-content\/uploads\/2022\/10\/smithpar78362-teaser-story-big-300x229.webp\",\"orientation\":\"landscape\"},\"full\":{\"url\":\"http:\/\/photocello.com\/wp-content\/uploads\/2022\/10\/smithpar78362-teaser-story-big.webp\",\"height\":704,\"width\":922,\"orientation\":\"landscape\"}},\"meta\":false,\"postlink\":\"https:\/\/photocello.com\/?attachment_id=13769\"},{\"id\":13770,\"title\":\"smithw-eugene-smith-country-doctor-041\",\"url\":\"http:\/\/photocello.com\/wp-content\/uploads\/2022\/10\/smithw-eugene-smith-country-doctor-041.webp\",\"link\":\"https:\/\/photocello.com\/?attachment_id=13770\",\"alt\":\"\",\"description\":\"\",\"caption\":\"\",\"mime\":\"image\/webp\",\"type\":\"image\",\"width\":713,\"height\":559,\"sizes\":{\"thumbnail\":{\"height\":150,\"width\":150,\"url\":\"http:\/\/photocello.com\/wp-content\/uploads\/2022\/10\/smithw-eugene-smith-country-doctor-041-150x150.webp\",\"orientation\":\"landscape\"},\"medium\":{\"height\":235,\"width\":300,\"url\":\"http:\/\/photocello.com\/wp-content\/uploads\/2022\/10\/smithw-eugene-smith-country-doctor-041-300x235.webp\",\"orientation\":\"landscape\"},\"full\":{\"url\":\"http:\/\/photocello.com\/wp-content\/uploads\/2022\/10\/smithw-eugene-smith-country-doctor-041.webp\",\"height\":559,\"width\":713,\"orientation\":\"landscape\"}},\"meta\":false,\"postlink\":\"https:\/\/photocello.com\/?attachment_id=13770\"},{\"id\":13771,\"title\":\"smithw-eugene-smith-country-doctor-141\",\"url\":\"http:\/\/photocello.com\/wp-content\/uploads\/2022\/10\/smithw-eugene-smith-country-doctor-141.webp\",\"link\":\"https:\/\/photocello.com\/?attachment_id=13771\",\"alt\":\"\",\"description\":\"\",\"caption\":\"\",\"mime\":\"image\/webp\",\"type\":\"image\",\"width\":440,\"height\":559,\"sizes\":{\"thumbnail\":{\"height\":150,\"width\":150,\"url\":\"http:\/\/photocello.com\/wp-content\/uploads\/2022\/10\/smithw-eugene-smith-country-doctor-141-150x150.webp\",\"orientation\":\"landscape\"},\"medium\":{\"height\":300,\"width\":236,\"url\":\"http:\/\/photocello.com\/wp-content\/uploads\/2022\/10\/smithw-eugene-smith-country-doctor-141-236x300.webp\",\"orientation\":\"portrait\"},\"full\":{\"url\":\"http:\/\/photocello.com\/wp-content\/uploads\/2022\/10\/smithw-eugene-smith-country-doctor-141.webp\",\"height\":559,\"width\":440,\"orientation\":\"portrait\"}},\"meta\":false,\"postlink\":\"https:\/\/photocello.com\/?attachment_id=13771\"},{\"id\":13772,\"title\":\"smithw-eugene-smith-country-doctor-181\",\"url\":\"http:\/\/photocello.com\/wp-content\/uploads\/2022\/10\/smithw-eugene-smith-country-doctor-181.webp\",\"link\":\"https:\/\/photocello.com\/?attachment_id=13772\",\"alt\":\"\",\"description\":\"\",\"caption\":\"\",\"mime\":\"image\/webp\",\"type\":\"image\",\"width\":674,\"height\":559,\"sizes\":{\"thumbnail\":{\"height\":150,\"width\":150,\"url\":\"http:\/\/photocello.com\/wp-content\/uploads\/2022\/10\/smithw-eugene-smith-country-doctor-181-150x150.webp\",\"orientation\":\"landscape\"},\"medium\":{\"height\":249,\"width\":300,\"url\":\"http:\/\/photocello.com\/wp-content\/uploads\/2022\/10\/smithw-eugene-smith-country-doctor-181-300x249.webp\",\"orientation\":\"landscape\"},\"full\":{\"url\":\"http:\/\/photocello.com\/wp-content\/uploads\/2022\/10\/smithw-eugene-smith-country-doctor-181.webp\",\"height\":559,\"width\":674,\"orientation\":\"landscape\"}},\"meta\":false,\"postlink\":\"https:\/\/photocello.com\/?attachment_id=13772\"},{\"id\":13773,\"title\":\"smithw-eugene-smith-country-doctor-271\",\"url\":\"http:\/\/photocello.com\/wp-content\/uploads\/2022\/10\/smithw-eugene-smith-country-doctor-271.webp\",\"link\":\"https:\/\/photocello.com\/?attachment_id=13773\",\"alt\":\"\",\"description\":\"\",\"caption\":\"\",\"mime\":\"image\/webp\",\"type\":\"image\",\"width\":416,\"height\":558,\"sizes\":{\"thumbnail\":{\"height\":150,\"width\":150,\"url\":\"http:\/\/photocello.com\/wp-content\/uploads\/2022\/10\/smithw-eugene-smith-country-doctor-271-150x150.webp\",\"orientation\":\"landscape\"},\"medium\":{\"height\":300,\"width\":224,\"url\":\"http:\/\/photocello.com\/wp-content\/uploads\/2022\/10\/smithw-eugene-smith-country-doctor-271-224x300.webp\",\"orientation\":\"portrait\"},\"full\":{\"url\":\"http:\/\/photocello.com\/wp-content\/uploads\/2022\/10\/smithw-eugene-smith-country-doctor-271.webp\",\"height\":558,\"width\":416,\"orientation\":\"portrait\"}},\"meta\":false,\"postlink\":\"https:\/\/photocello.com\/?attachment_id=13773\"},{\"id\":13774,\"title\":\"smithw-eugene-smith-country-doctor-321\",\"url\":\"http:\/\/photocello.com\/wp-content\/uploads\/2022\/10\/smithw-eugene-smith-country-doctor-321.webp\",\"link\":\"https:\/\/photocello.com\/?attachment_id=13774\",\"alt\":\"\",\"description\":\"\",\"caption\":\"\",\"mime\":\"image\/webp\",\"type\":\"image\",\"width\":824,\"height\":559,\"sizes\":{\"thumbnail\":{\"height\":150,\"width\":150,\"url\":\"http:\/\/photocello.com\/wp-content\/uploads\/2022\/10\/smithw-eugene-smith-country-doctor-321-150x150.webp\",\"orientation\":\"landscape\"},\"medium\":{\"height\":204,\"width\":300,\"url\":\"http:\/\/photocello.com\/wp-content\/uploads\/2022\/10\/smithw-eugene-smith-country-doctor-321-300x204.webp\",\"orientation\":\"landscape\"},\"full\":{\"url\":\"http:\/\/photocello.com\/wp-content\/uploads\/2022\/10\/smithw-eugene-smith-country-doctor-321.webp\",\"height\":559,\"width\":824,\"orientation\":\"landscape\"}},\"meta\":false,\"postlink\":\"https:\/\/photocello.com\/?attachment_id=13774\"},{\"id\":13775,\"title\":\"snithw-eugene-smith-country-doctor-011\",\"url\":\"http:\/\/photocello.com\/wp-content\/uploads\/2022\/10\/snithw-eugene-smith-country-doctor-011.webp\",\"link\":\"https:\/\/photocello.com\/?attachment_id=13775\",\"alt\":\"\",\"description\":\"\",\"caption\":\"\",\"mime\":\"image\/webp\",\"type\":\"image\",\"width\":690,\"height\":559,\"sizes\":{\"thumbnail\":{\"height\":150,\"width\":150,\"url\":\"http:\/\/photocello.com\/wp-content\/uploads\/2022\/10\/snithw-eugene-smith-country-doctor-011-150x150.webp\",\"orientation\":\"landscape\"},\"medium\":{\"height\":243,\"width\":300,\"url\":\"http:\/\/photocello.com\/wp-content\/uploads\/2022\/10\/snithw-eugene-smith-country-doctor-011-300x243.webp\",\"orientation\":\"landscape\"},\"full\":{\"url\":\"http:\/\/photocello.com\/wp-content\/uploads\/2022\/10\/snithw-eugene-smith-country-doctor-011.webp\",\"height\":559,\"width\":690,\"orientation\":\"landscape\"}},\"meta\":false,\"postlink\":\"https:\/\/photocello.com\/?attachment_id=13775\"}],\"itemsMetaDataCollection\":[]}<\/script><script>(function(){if(window.PGC_SGB && window.PGC_SGB.searcher){window.PGC_SGB.searcher.initBlocks()}})()<\/script><\/div>","protected":false},"excerpt":{"rendered":"<p>Country Doctor Eugene Smith Wichita, Kansas 1918- Arizona 1978 Por un encargo de la revista Life Una frase syua es : Yo no escrib\u00ed las reglas. \u00bfPor qu\u00e9 habr\u00eda de seguirlas, a raiza de que a veces recomponia una escena si veia que intensificaba la imagen. Tambien real\u00f1izo foto-ensayos de importante calado social y art\u00edstico [&hellip;]<\/p>\n","protected":false},"author":1,"featured_media":0,"parent":0,"menu_order":0,"comment_status":"closed","ping_status":"closed","template":"","meta":{"_uag_custom_page_level_css":"","_monsterinsights_skip_tracking":false,"_monsterinsights_sitenote_active":false,"_monsterinsights_sitenote_note":"","_monsterinsights_sitenote_category":0,"_uf_show_specific_survey":0,"_uf_disable_surveys":false,"pgc_sgb_lightbox_settings":"","footnotes":""},"categories":[27],"tags":[],"class_list":["post-13767","page","type-page","status-publish","hentry","category-fotografos"],"uagb_featured_image_src":{"full":false,"thumbnail":false,"medium":false,"medium_large":false,"large":false,"1536x1536":false,"2048x2048":false,"ect-jetpack-portfolio-featured":false,"ect-featured-content":false,"ect-service":false,"jetpack-portfolio-admin-thumb":false,"featured-content-admin-thumb":false,"service-admin-thumb":false},"uagb_author_info":{"display_name":"henrribas@gmail.com","author_link":"https:\/\/photocello.com\/?author=1"},"uagb_comment_info":0,"uagb_excerpt":"Country Doctor Eugene Smith Wichita, Kansas 1918- Arizona 1978 Por un encargo de la revista Life Una frase syua es : Yo no escrib\u00ed las reglas. \u00bfPor qu\u00e9 habr\u00eda de seguirlas, a raiza de que a veces recomponia una escena si veia que intensificaba la imagen. Tambien real\u00f1izo foto-ensayos de importante calado social y art\u00edstico&hellip;","_links":{"self":[{"href":"https:\/\/photocello.com\/index.php?rest_route=\/wp\/v2\/pages\/13767"}],"collection":[{"href":"https:\/\/photocello.com\/index.php?rest_route=\/wp\/v2\/pages"}],"about":[{"href":"https:\/\/photocello.com\/index.php?rest_route=\/wp\/v2\/types\/page"}],"author":[{"embeddable":true,"href":"https:\/\/photocello.com\/index.php?rest_route=\/wp\/v2\/users\/1"}],"replies":[{"embeddable":true,"href":"https:\/\/photocello.com\/index.php?rest_route=%2Fwp%2Fv2%2Fcomments&post=13767"}],"version-history":[{"count":1,"href":"https:\/\/photocello.com\/index.php?rest_route=\/wp\/v2\/pages\/13767\/revisions"}],"predecessor-version":[{"id":13777,"href":"https:\/\/photocello.com\/index.php?rest_route=\/wp\/v2\/pages\/13767\/revisions\/13777"}],"wp:attachment":[{"href":"https:\/\/photocello.com\/index.php?rest_route=%2Fwp%2Fv2%2Fmedia&parent=13767"}],"wp:term":[{"taxonomy":"category","embeddable":true,"href":"https:\/\/photocello.com\/index.php?rest_route=%2Fwp%2Fv2%2Fcategories&post=13767"},{"taxonomy":"post_tag","embeddable":true,"href":"https:\/\/photocello.com\/index.php?rest_route=%2Fwp%2Fv2%2Ftags&post=13767"}],"curies":[{"name":"wp","href":"https:\/\/api.w.org\/{rel}","templated":true}]}}