{"id":13790,"date":"2022-10-30T21:16:28","date_gmt":"2022-10-30T21:16:28","guid":{"rendered":"https:\/\/photocello.com\/?page_id=13790"},"modified":"2024-09-09T14:05:25","modified_gmt":"2024-09-09T14:05:25","slug":"cindy-sherman","status":"publish","type":"page","link":"https:\/\/photocello.com\/?page_id=13790","title":{"rendered":"Cindy Sherman"},"content":{"rendered":"\n<div class=\"wp-block-media-text alignwide is-stacked-on-mobile\"><figure class=\"wp-block-media-text__media\"><img loading=\"lazy\" decoding=\"async\" width=\"1024\" height=\"822\" src=\"https:\/\/photocello.com\/wp-content\/uploads\/2022\/10\/421_cindy_sherman_untitled_film_stills_1978_21-1024x822.webp\" alt=\"\" class=\"wp-image-13791 size-full\" srcset=\"https:\/\/photocello.com\/wp-content\/uploads\/2022\/10\/421_cindy_sherman_untitled_film_stills_1978_21-1024x822.webp 1024w, https:\/\/photocello.com\/wp-content\/uploads\/2022\/10\/421_cindy_sherman_untitled_film_stills_1978_21-300x241.webp 300w, https:\/\/photocello.com\/wp-content\/uploads\/2022\/10\/421_cindy_sherman_untitled_film_stills_1978_21-768x616.webp 768w, https:\/\/photocello.com\/wp-content\/uploads\/2022\/10\/421_cindy_sherman_untitled_film_stills_1978_21.webp 1059w\" sizes=\"(max-width: 1024px) 100vw, 1024px\" \/><\/figure><div class=\"wp-block-media-text__content\">\n<h6 class=\"wp-block-heading\">Untitled film stills<\/h6>\n\n\n\n<h2 class=\"wp-block-heading\">Cindy Sherman<\/h2>\n\n\n\n<p>Nueva Jersey 1954<\/p>\n\n\n\n<p>La serie se refiere al lenguaje visual del cine de las d\u00e9cadas de 1940 y 1950, inspirados sobre todo el Hitchock, clases B<\/p>\n\n\n\n<p>Las fotografias son una combinacion entre un tableaux vivant y una performance.<\/p>\n\n\n\n<p>Ella define sus fotografias no como autoretratos sino como la personificacion y esterotipo de otras persona, ellas es una actriz<\/p>\n\n\n\n<p>Ella pone la mirada fuera del cuadro, lo que implica que hay una acci\u00f3n m\u00e1s all\u00e1 de la imagen, y queirendo representar a la mujer abandonada, la chica universitaria, la mujer perdida, la prostituta, la manipuladora, la golpeada.<\/p>\n\n\n\n<p><\/p>\n<\/div><\/div>\n\n\n<div class=\"pgc-sgb-cb wp-block-pgcsimplygalleryblock-masonry \" data-gallery-id=\"e2a64076\"><div class=\"sgb-preloader\" id=\"pr_e2a64076\">\n\t<div class=\"sgb-square\" style=\"background:#d4d4d4\"><\/div>\n\t<div class=\"sgb-square\" style=\"background:#d4d4d4\"><\/div>\n\t<div class=\"sgb-square\" style=\"background:#d4d4d4\"><\/div>\n\t<div class=\"sgb-square\" style=\"background:#d4d4d4\"><\/div><\/div><div class=\"simply-gallery-amp pgc_sgb_slider \" style=\"display: none;\"><div class=\"sgb-gallery\"><div class=\"sgb-item\"><a href=\"https:\/\/photocello.com\/?attachment_id=13794\" target=\"_blank\"><img decoding=\"async\" alt=\"\" width=\"300\" height=\"239\" loading=\"lazy\" src=\"http:\/\/photocello.com\/wp-content\/uploads\/2022\/10\/4_cindy_sherman_untitled_film_stills_1977_4-300x239.webp\" srcset=\"http:\/\/photocello.com\/wp-content\/uploads\/2022\/10\/4_cindy_sherman_untitled_film_stills_1977_4-300x239.webp 300w,http:\/\/photocello.com\/wp-content\/uploads\/2022\/10\/4_cindy_sherman_untitled_film_stills_1977_4-1024x817.webp 1024w,http:\/\/photocello.com\/wp-content\/uploads\/2022\/10\/4_cindy_sherman_untitled_film_stills_1977_4.webp 1066w\" sizes=\"250px\"\/><\/a><\/div><div class=\"sgb-item\"><a href=\"https:\/\/photocello.com\/?attachment_id=13795\" target=\"_blank\"><img decoding=\"async\" alt=\"\" width=\"300\" height=\"232\" loading=\"lazy\" src=\"http:\/\/photocello.com\/wp-content\/uploads\/2022\/10\/4_cindy_sherman_untitled_film_stills_1978_10-300x232.webp\" srcset=\"http:\/\/photocello.com\/wp-content\/uploads\/2022\/10\/4_cindy_sherman_untitled_film_stills_1978_10-300x232.webp 300w,http:\/\/photocello.com\/wp-content\/uploads\/2022\/10\/4_cindy_sherman_untitled_film_stills_1978_10-1024x793.webp 1024w,http:\/\/photocello.com\/wp-content\/uploads\/2022\/10\/4_cindy_sherman_untitled_film_stills_1978_10.webp 1097w\" sizes=\"250px\"\/><\/a><\/div><div class=\"sgb-item\"><a href=\"https:\/\/photocello.com\/?attachment_id=13796\" target=\"_blank\"><img decoding=\"async\" alt=\"\" width=\"300\" height=\"239\" loading=\"lazy\" src=\"http:\/\/photocello.com\/wp-content\/uploads\/2022\/10\/47_cindy_sherman_untitled_film_stills_1978_17-300x239.webp\" srcset=\"http:\/\/photocello.com\/wp-content\/uploads\/2022\/10\/47_cindy_sherman_untitled_film_stills_1978_17-300x239.webp 300w,http:\/\/photocello.com\/wp-content\/uploads\/2022\/10\/47_cindy_sherman_untitled_film_stills_1978_17-1024x817.webp 1024w,http:\/\/photocello.com\/wp-content\/uploads\/2022\/10\/47_cindy_sherman_untitled_film_stills_1978_17.webp 1065w\" sizes=\"250px\"\/><\/a><\/div><div class=\"sgb-item\"><a href=\"https:\/\/photocello.com\/?attachment_id=13797\" target=\"_blank\"><img decoding=\"async\" alt=\"\" width=\"238\" height=\"300\" loading=\"lazy\" src=\"http:\/\/photocello.com\/wp-content\/uploads\/2022\/10\/413_cindy_sherman_untitled_film_stills_1978_13-238x300.webp\" srcset=\"http:\/\/photocello.com\/wp-content\/uploads\/2022\/10\/413_cindy_sherman_untitled_film_stills_1978_13-238x300.webp 238w,http:\/\/photocello.com\/wp-content\/uploads\/2022\/10\/413_cindy_sherman_untitled_film_stills_1978_13.webp 674w\" sizes=\"250px\"\/><\/a><\/div><div class=\"sgb-item\"><a href=\"https:\/\/photocello.com\/?attachment_id=13798\" target=\"_blank\"><img decoding=\"async\" alt=\"\" width=\"240\" height=\"300\" loading=\"lazy\" src=\"http:\/\/photocello.com\/wp-content\/uploads\/2022\/10\/416_cindy_sherman_untitled_film_stills_1978_16-240x300.webp\" srcset=\"http:\/\/photocello.com\/wp-content\/uploads\/2022\/10\/416_cindy_sherman_untitled_film_stills_1978_16-240x300.webp 240w,http:\/\/photocello.com\/wp-content\/uploads\/2022\/10\/416_cindy_sherman_untitled_film_stills_1978_16.webp 680w\" sizes=\"250px\"\/><\/a><\/div><div class=\"sgb-item\"><a href=\"https:\/\/photocello.com\/?attachment_id=13799\" target=\"_blank\"><img decoding=\"async\" alt=\"\" width=\"300\" height=\"241\" loading=\"lazy\" src=\"http:\/\/photocello.com\/wp-content\/uploads\/2022\/10\/421_cindy_sherman_untitled_film_stills_1978_21-1-300x241.webp\" srcset=\"http:\/\/photocello.com\/wp-content\/uploads\/2022\/10\/421_cindy_sherman_untitled_film_stills_1978_21-1-300x241.webp 300w,http:\/\/photocello.com\/wp-content\/uploads\/2022\/10\/421_cindy_sherman_untitled_film_stills_1978_21-1-1024x822.webp 1024w,http:\/\/photocello.com\/wp-content\/uploads\/2022\/10\/421_cindy_sherman_untitled_film_stills_1978_21-1.webp 1059w\" sizes=\"250px\"\/><\/a><\/div><div class=\"sgb-item\"><a href=\"https:\/\/photocello.com\/?attachment_id=13800\" target=\"_blank\"><img decoding=\"async\" alt=\"\" width=\"300\" height=\"239\" loading=\"lazy\" src=\"http:\/\/photocello.com\/wp-content\/uploads\/2022\/10\/427b_cindy_sherman_untitled_film_stills_1979_27b-300x239.webp\" srcset=\"http:\/\/photocello.com\/wp-content\/uploads\/2022\/10\/427b_cindy_sherman_untitled_film_stills_1979_27b-300x239.webp 300w,http:\/\/photocello.com\/wp-content\/uploads\/2022\/10\/427b_cindy_sherman_untitled_film_stills_1979_27b-1024x815.webp 1024w,http:\/\/photocello.com\/wp-content\/uploads\/2022\/10\/427b_cindy_sherman_untitled_film_stills_1979_27b.webp 1068w\" sizes=\"250px\"\/><\/a><\/div><div class=\"sgb-item\"><a href=\"https:\/\/photocello.com\/?attachment_id=13801\" target=\"_blank\"><img decoding=\"async\" alt=\"\" width=\"207\" height=\"300\" loading=\"lazy\" src=\"http:\/\/photocello.com\/wp-content\/uploads\/2022\/10\/435_cindy_sherman_untitled_film_stills_1979_35-207x300.jpeg\" srcset=\"http:\/\/photocello.com\/wp-content\/uploads\/2022\/10\/435_cindy_sherman_untitled_film_stills_1979_35-207x300.jpeg 207w,http:\/\/photocello.com\/wp-content\/uploads\/2022\/10\/435_cindy_sherman_untitled_film_stills_1979_35.jpeg 587w\" sizes=\"250px\"\/><\/a><\/div><div class=\"sgb-item\"><a href=\"https:\/\/photocello.com\/?attachment_id=13802\" target=\"_blank\"><img decoding=\"async\" alt=\"\" width=\"300\" height=\"200\" loading=\"lazy\" src=\"http:\/\/photocello.com\/wp-content\/uploads\/2022\/10\/470_cindy_sherman_untitled_film_stills_70-300x200.webp\" srcset=\"http:\/\/photocello.com\/wp-content\/uploads\/2022\/10\/470_cindy_sherman_untitled_film_stills_70-300x200.webp 300w,http:\/\/photocello.com\/wp-content\/uploads\/2022\/10\/470_cindy_sherman_untitled_film_stills_70-1024x683.webp 1024w,http:\/\/photocello.com\/wp-content\/uploads\/2022\/10\/470_cindy_sherman_untitled_film_stills_70.webp 1275w\" sizes=\"250px\"\/><\/a><\/div><div class=\"sgb-item\"><a href=\"https:\/\/photocello.com\/?attachment_id=13803\" target=\"_blank\"><img decoding=\"async\" alt=\"\" width=\"300\" height=\"205\" loading=\"lazy\" src=\"http:\/\/photocello.com\/wp-content\/uploads\/2022\/10\/474_cindy_sherman_untitled_film_stills_74-300x205.webp\" srcset=\"http:\/\/photocello.com\/wp-content\/uploads\/2022\/10\/474_cindy_sherman_untitled_film_stills_74-300x205.webp 300w,http:\/\/photocello.com\/wp-content\/uploads\/2022\/10\/474_cindy_sherman_untitled_film_stills_74.webp 768w\" sizes=\"250px\"\/><\/a><\/div><\/div><\/div><script type=\"application\/json\" class=\"sgb-data\">{\"galleryType\":\"pgc_sgb_masonry\",\"galleryId\":\"e2a64076\",\"images\":[{\"id\":13794,\"title\":\"4_cindy_sherman_untitled_film_stills_1977_4\",\"url\":\"http:\/\/photocello.com\/wp-content\/uploads\/2022\/10\/4_cindy_sherman_untitled_film_stills_1977_4.webp\",\"link\":\"https:\/\/photocello.com\/?attachment_id=13794\",\"alt\":\"\",\"description\":\"\",\"caption\":\"\",\"mime\":\"image\/webp\",\"type\":\"image\",\"width\":1066,\"height\":850,\"sizes\":{\"thumbnail\":{\"height\":150,\"width\":150,\"url\":\"http:\/\/photocello.com\/wp-content\/uploads\/2022\/10\/4_cindy_sherman_untitled_film_stills_1977_4-150x150.webp\",\"orientation\":\"landscape\"},\"medium\":{\"height\":239,\"width\":300,\"url\":\"http:\/\/photocello.com\/wp-content\/uploads\/2022\/10\/4_cindy_sherman_untitled_film_stills_1977_4-300x239.webp\",\"orientation\":\"landscape\"},\"large\":{\"height\":817,\"width\":1024,\"url\":\"http:\/\/photocello.com\/wp-content\/uploads\/2022\/10\/4_cindy_sherman_untitled_film_stills_1977_4-1024x817.webp\",\"orientation\":\"landscape\"},\"full\":{\"url\":\"http:\/\/photocello.com\/wp-content\/uploads\/2022\/10\/4_cindy_sherman_untitled_film_stills_1977_4.webp\",\"height\":850,\"width\":1066,\"orientation\":\"landscape\"}},\"meta\":false,\"postlink\":\"https:\/\/photocello.com\/?attachment_id=13794\"},{\"id\":13795,\"title\":\"4_cindy_sherman_untitled_film_stills_1978_10\",\"url\":\"http:\/\/photocello.com\/wp-content\/uploads\/2022\/10\/4_cindy_sherman_untitled_film_stills_1978_10.webp\",\"link\":\"https:\/\/photocello.com\/?attachment_id=13795\",\"alt\":\"\",\"description\":\"\",\"caption\":\"\",\"mime\":\"image\/webp\",\"type\":\"image\",\"width\":1097,\"height\":850,\"sizes\":{\"thumbnail\":{\"height\":150,\"width\":150,\"url\":\"http:\/\/photocello.com\/wp-content\/uploads\/2022\/10\/4_cindy_sherman_untitled_film_stills_1978_10-150x150.webp\",\"orientation\":\"landscape\"},\"medium\":{\"height\":232,\"width\":300,\"url\":\"http:\/\/photocello.com\/wp-content\/uploads\/2022\/10\/4_cindy_sherman_untitled_film_stills_1978_10-300x232.webp\",\"orientation\":\"landscape\"},\"large\":{\"height\":793,\"width\":1024,\"url\":\"http:\/\/photocello.com\/wp-content\/uploads\/2022\/10\/4_cindy_sherman_untitled_film_stills_1978_10-1024x793.webp\",\"orientation\":\"landscape\"},\"full\":{\"url\":\"http:\/\/photocello.com\/wp-content\/uploads\/2022\/10\/4_cindy_sherman_untitled_film_stills_1978_10.webp\",\"height\":850,\"width\":1097,\"orientation\":\"landscape\"}},\"meta\":false,\"postlink\":\"https:\/\/photocello.com\/?attachment_id=13795\"},{\"id\":13796,\"title\":\"47_cindy_sherman_untitled_film_stills_1978_17\",\"url\":\"http:\/\/photocello.com\/wp-content\/uploads\/2022\/10\/47_cindy_sherman_untitled_film_stills_1978_17.webp\",\"link\":\"https:\/\/photocello.com\/?attachment_id=13796\",\"alt\":\"\",\"description\":\"\",\"caption\":\"\",\"mime\":\"image\/webp\",\"type\":\"image\",\"width\":1065,\"height\":850,\"sizes\":{\"thumbnail\":{\"height\":150,\"width\":150,\"url\":\"http:\/\/photocello.com\/wp-content\/uploads\/2022\/10\/47_cindy_sherman_untitled_film_stills_1978_17-150x150.webp\",\"orientation\":\"landscape\"},\"medium\":{\"height\":239,\"width\":300,\"url\":\"http:\/\/photocello.com\/wp-content\/uploads\/2022\/10\/47_cindy_sherman_untitled_film_stills_1978_17-300x239.webp\",\"orientation\":\"landscape\"},\"large\":{\"height\":817,\"width\":1024,\"url\":\"http:\/\/photocello.com\/wp-content\/uploads\/2022\/10\/47_cindy_sherman_untitled_film_stills_1978_17-1024x817.webp\",\"orientation\":\"landscape\"},\"full\":{\"url\":\"http:\/\/photocello.com\/wp-content\/uploads\/2022\/10\/47_cindy_sherman_untitled_film_stills_1978_17.webp\",\"height\":850,\"width\":1065,\"orientation\":\"landscape\"}},\"meta\":false,\"postlink\":\"https:\/\/photocello.com\/?attachment_id=13796\"},{\"id\":13797,\"title\":\"413_cindy_sherman_untitled_film_stills_1978_13\",\"url\":\"http:\/\/photocello.com\/wp-content\/uploads\/2022\/10\/413_cindy_sherman_untitled_film_stills_1978_13.webp\",\"link\":\"https:\/\/photocello.com\/?attachment_id=13797\",\"alt\":\"\",\"description\":\"\",\"caption\":\"\",\"mime\":\"image\/webp\",\"type\":\"image\",\"width\":674,\"height\":850,\"sizes\":{\"thumbnail\":{\"height\":150,\"width\":150,\"url\":\"http:\/\/photocello.com\/wp-content\/uploads\/2022\/10\/413_cindy_sherman_untitled_film_stills_1978_13-150x150.webp\",\"orientation\":\"landscape\"},\"medium\":{\"height\":300,\"width\":238,\"url\":\"http:\/\/photocello.com\/wp-content\/uploads\/2022\/10\/413_cindy_sherman_untitled_film_stills_1978_13-238x300.webp\",\"orientation\":\"portrait\"},\"full\":{\"url\":\"http:\/\/photocello.com\/wp-content\/uploads\/2022\/10\/413_cindy_sherman_untitled_film_stills_1978_13.webp\",\"height\":850,\"width\":674,\"orientation\":\"portrait\"}},\"meta\":false,\"postlink\":\"https:\/\/photocello.com\/?attachment_id=13797\"},{\"id\":13798,\"title\":\"416_cindy_sherman_untitled_film_stills_1978_16\",\"url\":\"http:\/\/photocello.com\/wp-content\/uploads\/2022\/10\/416_cindy_sherman_untitled_film_stills_1978_16.webp\",\"link\":\"https:\/\/photocello.com\/?attachment_id=13798\",\"alt\":\"\",\"description\":\"\",\"caption\":\"\",\"mime\":\"image\/webp\",\"type\":\"image\",\"width\":680,\"height\":850,\"sizes\":{\"thumbnail\":{\"height\":150,\"width\":150,\"url\":\"http:\/\/photocello.com\/wp-content\/uploads\/2022\/10\/416_cindy_sherman_untitled_film_stills_1978_16-150x150.webp\",\"orientation\":\"landscape\"},\"medium\":{\"height\":300,\"width\":240,\"url\":\"http:\/\/photocello.com\/wp-content\/uploads\/2022\/10\/416_cindy_sherman_untitled_film_stills_1978_16-240x300.webp\",\"orientation\":\"portrait\"},\"full\":{\"url\":\"http:\/\/photocello.com\/wp-content\/uploads\/2022\/10\/416_cindy_sherman_untitled_film_stills_1978_16.webp\",\"height\":850,\"width\":680,\"orientation\":\"portrait\"}},\"meta\":false,\"postlink\":\"https:\/\/photocello.com\/?attachment_id=13798\"},{\"id\":13799,\"title\":\"421_cindy_sherman_untitled_film_stills_1978_21\",\"url\":\"http:\/\/photocello.com\/wp-content\/uploads\/2022\/10\/421_cindy_sherman_untitled_film_stills_1978_21-1.webp\",\"link\":\"https:\/\/photocello.com\/?attachment_id=13799\",\"alt\":\"\",\"description\":\"\",\"caption\":\"\",\"mime\":\"image\/webp\",\"type\":\"image\",\"width\":1059,\"height\":850,\"sizes\":{\"thumbnail\":{\"height\":150,\"width\":150,\"url\":\"http:\/\/photocello.com\/wp-content\/uploads\/2022\/10\/421_cindy_sherman_untitled_film_stills_1978_21-1-150x150.webp\",\"orientation\":\"landscape\"},\"medium\":{\"height\":241,\"width\":300,\"url\":\"http:\/\/photocello.com\/wp-content\/uploads\/2022\/10\/421_cindy_sherman_untitled_film_stills_1978_21-1-300x241.webp\",\"orientation\":\"landscape\"},\"large\":{\"height\":822,\"width\":1024,\"url\":\"http:\/\/photocello.com\/wp-content\/uploads\/2022\/10\/421_cindy_sherman_untitled_film_stills_1978_21-1-1024x822.webp\",\"orientation\":\"landscape\"},\"full\":{\"url\":\"http:\/\/photocello.com\/wp-content\/uploads\/2022\/10\/421_cindy_sherman_untitled_film_stills_1978_21-1.webp\",\"height\":850,\"width\":1059,\"orientation\":\"landscape\"}},\"meta\":false,\"postlink\":\"https:\/\/photocello.com\/?attachment_id=13799\"},{\"id\":13800,\"title\":\"427b_cindy_sherman_untitled_film_stills_1979_27b\",\"url\":\"http:\/\/photocello.com\/wp-content\/uploads\/2022\/10\/427b_cindy_sherman_untitled_film_stills_1979_27b.webp\",\"link\":\"https:\/\/photocello.com\/?attachment_id=13800\",\"alt\":\"\",\"description\":\"\",\"caption\":\"\",\"mime\":\"image\/webp\",\"type\":\"image\",\"width\":1068,\"height\":850,\"sizes\":{\"thumbnail\":{\"height\":150,\"width\":150,\"url\":\"http:\/\/photocello.com\/wp-content\/uploads\/2022\/10\/427b_cindy_sherman_untitled_film_stills_1979_27b-150x150.webp\",\"orientation\":\"landscape\"},\"medium\":{\"height\":239,\"width\":300,\"url\":\"http:\/\/photocello.com\/wp-content\/uploads\/2022\/10\/427b_cindy_sherman_untitled_film_stills_1979_27b-300x239.webp\",\"orientation\":\"landscape\"},\"large\":{\"height\":815,\"width\":1024,\"url\":\"http:\/\/photocello.com\/wp-content\/uploads\/2022\/10\/427b_cindy_sherman_untitled_film_stills_1979_27b-1024x815.webp\",\"orientation\":\"landscape\"},\"full\":{\"url\":\"http:\/\/photocello.com\/wp-content\/uploads\/2022\/10\/427b_cindy_sherman_untitled_film_stills_1979_27b.webp\",\"height\":850,\"width\":1068,\"orientation\":\"landscape\"}},\"meta\":false,\"postlink\":\"https:\/\/photocello.com\/?attachment_id=13800\"},{\"id\":13801,\"title\":\"435_cindy_sherman_untitled_film_stills_1979_35\",\"url\":\"http:\/\/photocello.com\/wp-content\/uploads\/2022\/10\/435_cindy_sherman_untitled_film_stills_1979_35.jpeg\",\"link\":\"https:\/\/photocello.com\/?attachment_id=13801\",\"alt\":\"\",\"description\":\"\",\"caption\":\"\",\"mime\":\"image\/jpeg\",\"type\":\"image\",\"width\":587,\"height\":850,\"sizes\":{\"thumbnail\":{\"height\":150,\"width\":150,\"url\":\"http:\/\/photocello.com\/wp-content\/uploads\/2022\/10\/435_cindy_sherman_untitled_film_stills_1979_35-150x150.jpeg\",\"orientation\":\"landscape\"},\"medium\":{\"height\":300,\"width\":207,\"url\":\"http:\/\/photocello.com\/wp-content\/uploads\/2022\/10\/435_cindy_sherman_untitled_film_stills_1979_35-207x300.jpeg\",\"orientation\":\"portrait\"},\"full\":{\"url\":\"http:\/\/photocello.com\/wp-content\/uploads\/2022\/10\/435_cindy_sherman_untitled_film_stills_1979_35.jpeg\",\"height\":850,\"width\":587,\"orientation\":\"portrait\"}},\"meta\":false,\"postlink\":\"https:\/\/photocello.com\/?attachment_id=13801\"},{\"id\":13802,\"title\":\"470_cindy_sherman_untitled_film_stills_70\",\"url\":\"http:\/\/photocello.com\/wp-content\/uploads\/2022\/10\/470_cindy_sherman_untitled_film_stills_70.webp\",\"link\":\"https:\/\/photocello.com\/?attachment_id=13802\",\"alt\":\"\",\"description\":\"\",\"caption\":\"\",\"mime\":\"image\/webp\",\"type\":\"image\",\"width\":1275,\"height\":850,\"sizes\":{\"thumbnail\":{\"height\":150,\"width\":150,\"url\":\"http:\/\/photocello.com\/wp-content\/uploads\/2022\/10\/470_cindy_sherman_untitled_film_stills_70-150x150.webp\",\"orientation\":\"landscape\"},\"medium\":{\"height\":200,\"width\":300,\"url\":\"http:\/\/photocello.com\/wp-content\/uploads\/2022\/10\/470_cindy_sherman_untitled_film_stills_70-300x200.webp\",\"orientation\":\"landscape\"},\"large\":{\"height\":683,\"width\":1024,\"url\":\"http:\/\/photocello.com\/wp-content\/uploads\/2022\/10\/470_cindy_sherman_untitled_film_stills_70-1024x683.webp\",\"orientation\":\"landscape\"},\"full\":{\"url\":\"http:\/\/photocello.com\/wp-content\/uploads\/2022\/10\/470_cindy_sherman_untitled_film_stills_70.webp\",\"height\":850,\"width\":1275,\"orientation\":\"landscape\"}},\"meta\":false,\"postlink\":\"https:\/\/photocello.com\/?attachment_id=13802\"},{\"id\":13803,\"title\":\"474_cindy_sherman_untitled_film_stills_74\",\"url\":\"http:\/\/photocello.com\/wp-content\/uploads\/2022\/10\/474_cindy_sherman_untitled_film_stills_74.webp\",\"link\":\"https:\/\/photocello.com\/?attachment_id=13803\",\"alt\":\"\",\"description\":\"\",\"caption\":\"\",\"mime\":\"image\/webp\",\"type\":\"image\",\"width\":768,\"height\":524,\"sizes\":{\"thumbnail\":{\"height\":150,\"width\":150,\"url\":\"http:\/\/photocello.com\/wp-content\/uploads\/2022\/10\/474_cindy_sherman_untitled_film_stills_74-150x150.webp\",\"orientation\":\"landscape\"},\"medium\":{\"height\":205,\"width\":300,\"url\":\"http:\/\/photocello.com\/wp-content\/uploads\/2022\/10\/474_cindy_sherman_untitled_film_stills_74-300x205.webp\",\"orientation\":\"landscape\"},\"full\":{\"url\":\"http:\/\/photocello.com\/wp-content\/uploads\/2022\/10\/474_cindy_sherman_untitled_film_stills_74.webp\",\"height\":524,\"width\":768,\"orientation\":\"landscape\"}},\"meta\":false,\"postlink\":\"https:\/\/photocello.com\/?attachment_id=13803\"}],\"itemsMetaDataCollection\":[]}<\/script><script>(function(){if(window.PGC_SGB && window.PGC_SGB.searcher){window.PGC_SGB.searcher.initBlocks()}})()<\/script><\/div>","protected":false},"excerpt":{"rendered":"<p>Untitled film stills Cindy Sherman Nueva Jersey 1954 La serie se refiere al lenguaje visual del cine de las d\u00e9cadas de 1940 y 1950, inspirados sobre todo el Hitchock, clases B Las fotografias son una combinacion entre un tableaux vivant y una performance. Ella define sus fotografias no como autoretratos sino como la personificacion y [&hellip;]<\/p>\n","protected":false},"author":1,"featured_media":0,"parent":0,"menu_order":0,"comment_status":"closed","ping_status":"closed","template":"","meta":{"_uag_custom_page_level_css":"","_monsterinsights_skip_tracking":false,"_monsterinsights_sitenote_active":false,"_monsterinsights_sitenote_note":"","_monsterinsights_sitenote_category":0,"_uf_show_specific_survey":0,"_uf_disable_surveys":false,"pgc_sgb_lightbox_settings":"","footnotes":""},"categories":[27],"tags":[],"class_list":["post-13790","page","type-page","status-publish","hentry","category-fotografos"],"uagb_featured_image_src":{"full":false,"thumbnail":false,"medium":false,"medium_large":false,"large":false,"1536x1536":false,"2048x2048":false,"ect-jetpack-portfolio-featured":false,"ect-featured-content":false,"ect-service":false,"jetpack-portfolio-admin-thumb":false,"featured-content-admin-thumb":false,"service-admin-thumb":false},"uagb_author_info":{"display_name":"henrribas@gmail.com","author_link":"https:\/\/photocello.com\/?author=1"},"uagb_comment_info":0,"uagb_excerpt":"Untitled film stills Cindy Sherman Nueva Jersey 1954 La serie se refiere al lenguaje visual del cine de las d\u00e9cadas de 1940 y 1950, inspirados sobre todo el Hitchock, clases B Las fotografias son una combinacion entre un tableaux vivant y una performance. Ella define sus fotografias no como autoretratos sino como la personificacion y&hellip;","_links":{"self":[{"href":"https:\/\/photocello.com\/index.php?rest_route=\/wp\/v2\/pages\/13790"}],"collection":[{"href":"https:\/\/photocello.com\/index.php?rest_route=\/wp\/v2\/pages"}],"about":[{"href":"https:\/\/photocello.com\/index.php?rest_route=\/wp\/v2\/types\/page"}],"author":[{"embeddable":true,"href":"https:\/\/photocello.com\/index.php?rest_route=\/wp\/v2\/users\/1"}],"replies":[{"embeddable":true,"href":"https:\/\/photocello.com\/index.php?rest_route=%2Fwp%2Fv2%2Fcomments&post=13790"}],"version-history":[{"count":3,"href":"https:\/\/photocello.com\/index.php?rest_route=\/wp\/v2\/pages\/13790\/revisions"}],"predecessor-version":[{"id":13805,"href":"https:\/\/photocello.com\/index.php?rest_route=\/wp\/v2\/pages\/13790\/revisions\/13805"}],"wp:attachment":[{"href":"https:\/\/photocello.com\/index.php?rest_route=%2Fwp%2Fv2%2Fmedia&parent=13790"}],"wp:term":[{"taxonomy":"category","embeddable":true,"href":"https:\/\/photocello.com\/index.php?rest_route=%2Fwp%2Fv2%2Fcategories&post=13790"},{"taxonomy":"post_tag","embeddable":true,"href":"https:\/\/photocello.com\/index.php?rest_route=%2Fwp%2Fv2%2Ftags&post=13790"}],"curies":[{"name":"wp","href":"https:\/\/api.w.org\/{rel}","templated":true}]}}