{"id":13936,"date":"2023-01-17T15:45:28","date_gmt":"2023-01-17T15:45:28","guid":{"rendered":"https:\/\/photocello.com\/?page_id=13936"},"modified":"2024-09-09T14:06:25","modified_gmt":"2024-09-09T14:06:25","slug":"garry-winogrand","status":"publish","type":"page","link":"https:\/\/photocello.com\/?page_id=13936","title":{"rendered":"Garry Winogrand"},"content":{"rendered":"\n<div class=\"wp-block-media-text alignwide is-stacked-on-mobile\"><figure class=\"wp-block-media-text__media\"><img loading=\"lazy\" decoding=\"async\" width=\"479\" height=\"672\" src=\"https:\/\/photocello.com\/wp-content\/uploads\/2023\/01\/garry_winogrand_portraits_6a014e6089cbd5970c017d41b617db970c-800wi.jpg\" alt=\"\" class=\"wp-image-13947 size-full\" srcset=\"https:\/\/photocello.com\/wp-content\/uploads\/2023\/01\/garry_winogrand_portraits_6a014e6089cbd5970c017d41b617db970c-800wi.jpg 479w, https:\/\/photocello.com\/wp-content\/uploads\/2023\/01\/garry_winogrand_portraits_6a014e6089cbd5970c017d41b617db970c-800wi-214x300.jpg 214w\" sizes=\"(max-width: 479px) 100vw, 479px\" \/><\/figure><div class=\"wp-block-media-text__content\">\n<h6 class=\"wp-block-heading\">callejero <\/h6>\n\n\n\n<h3 class=\"wp-block-heading\">Garry Winogra<\/h3>\n\n\n\n<p>Bronx- New York 1928<\/p>\n\n\n\n<p>Como estudiante de pintura se paso a la fotografia gracias a la visita del cuarto oscuro con su amigo.<\/p>\n\n\n\n<p>Su vision profesional de la fotogradfia cambio radicalmente al realizar un viaje por Estados Unidos la ruta 66. Tras ese viaje emprendo a realizar fotografia de calle, en una epoca marcada por las protestas y destabilizacion politica por guerra Vietnam, racismo&#8230;<\/p>\n\n\n\n<p>Su primer album fue una serie de fotografias de animales y personas de Nueva York, con mensaje de  paralelsimo y yuxtaposici\u00f3n<\/p>\n\n\n\n<p>Su trabajo, tras varias exposiciones conjuntas con varios fotgrafos se centro en ense\u00f1ar las vidas de las personas en la calle, mostrando mas interes en mujeres, transe\u00fantes, pol\u00edticos, manifestantes pacifistas, hizo de la clase media estadounidense el tema principal de sus fotograf\u00edas, captando caad vez mas escenas mas complejas, entrecruzando escenas.<\/p>\n\n\n\n<p>Como gran conocedor de la camara y de la luz le permitia reaccionar r\u00e1pidamente sumado a su personalidad aguerrida por porvenir de un barrio polpuloso no tenia miedo a tener enfrente adesconocidos enfrente.<\/p>\n\n\n\n<p>Sus im\u00e1genes juxtaponen elementos visuales en una forma organizada y coherente.<\/p>\n\n\n\n<p>El lenguaje de Winograd comprende una gram\u00e1tica integrada por horizontes ca\u00eddos, cortes espont\u00e1neos, \u00e1ngulos amplios, movidos provocados por la acci\u00f3n y alto contraste<\/p>\n\n\n\n<p>Revelaba los rollos despues del una a\u00f1o de haberlas realizado.<\/p>\n<\/div><\/div>\n\n\n<div class=\"pgc-sgb-cb wp-block-pgcsimplygalleryblock-masonry \" data-gallery-id=\"65f12199\"><div class=\"sgb-preloader\" id=\"pr_65f12199\">\n\t<div class=\"sgb-square\" style=\"background:#d4d4d4\"><\/div>\n\t<div class=\"sgb-square\" style=\"background:#d4d4d4\"><\/div>\n\t<div class=\"sgb-square\" style=\"background:#d4d4d4\"><\/div>\n\t<div class=\"sgb-square\" style=\"background:#d4d4d4\"><\/div><\/div><div class=\"simply-gallery-amp pgc_sgb_slider \" style=\"display: none;\"><div class=\"sgb-gallery\"><div class=\"sgb-item\"><a href=\"https:\/\/photocello.com\/?attachment_id=13950\" target=\"_blank\"><img decoding=\"async\" alt=\"\" width=\"300\" height=\"199\" loading=\"lazy\" src=\"http:\/\/photocello.com\/wp-content\/uploads\/2023\/01\/garry_winogrand_21_119.jpg-300x199.webp\" srcset=\"http:\/\/photocello.com\/wp-content\/uploads\/2023\/01\/garry_winogrand_21_119.jpg-300x199.webp 300w,http:\/\/photocello.com\/wp-content\/uploads\/2023\/01\/garry_winogrand_21_119.jpg.webp 600w\" sizes=\"250px\"\/><\/a><\/div><div class=\"sgb-item\"><a href=\"https:\/\/photocello.com\/?attachment_id=13951\" target=\"_blank\"><img decoding=\"async\" alt=\"\" width=\"195\" height=\"300\" loading=\"lazy\" src=\"http:\/\/photocello.com\/wp-content\/uploads\/2023\/01\/garry_winogrand_920x920-4_46-195x300.jpg\" srcset=\"http:\/\/photocello.com\/wp-content\/uploads\/2023\/01\/garry_winogrand_920x920-4_46-195x300.jpg 195w,http:\/\/photocello.com\/wp-content\/uploads\/2023\/01\/garry_winogrand_920x920-4_46.jpg 598w\" sizes=\"250px\"\/><\/a><\/div><div class=\"sgb-item\"><a href=\"https:\/\/photocello.com\/?attachment_id=13952\" target=\"_blank\"><img decoding=\"async\" alt=\"\" width=\"300\" height=\"208\" loading=\"lazy\" src=\"http:\/\/photocello.com\/wp-content\/uploads\/2023\/01\/garry_winogrand_el_morocco_ny_1950_47-300x208.jpg\" srcset=\"http:\/\/photocello.com\/wp-content\/uploads\/2023\/01\/garry_winogrand_el_morocco_ny_1950_47-300x208.jpg 300w,http:\/\/photocello.com\/wp-content\/uploads\/2023\/01\/garry_winogrand_el_morocco_ny_1950_47.jpg 600w\" sizes=\"250px\"\/><\/a><\/div><div class=\"sgb-item\"><a href=\"https:\/\/photocello.com\/?attachment_id=13953\" target=\"_blank\"><img decoding=\"async\" alt=\"\" width=\"300\" height=\"198\" loading=\"lazy\" src=\"http:\/\/photocello.com\/wp-content\/uploads\/2023\/01\/garry_winogrand_winogrand_31_51.jpg-300x198.webp\" srcset=\"http:\/\/photocello.com\/wp-content\/uploads\/2023\/01\/garry_winogrand_winogrand_31_51.jpg-300x198.webp 300w,http:\/\/photocello.com\/wp-content\/uploads\/2023\/01\/garry_winogrand_winogrand_31_51.jpg.webp 700w\" sizes=\"250px\"\/><\/a><\/div><div class=\"sgb-item\"><a href=\"https:\/\/photocello.com\/?attachment_id=13954\" target=\"_blank\"><img decoding=\"async\" alt=\"\" width=\"300\" height=\"200\" loading=\"lazy\" src=\"http:\/\/photocello.com\/wp-content\/uploads\/2023\/01\/garry-300x200.webp\" srcset=\"http:\/\/photocello.com\/wp-content\/uploads\/2023\/01\/garry-300x200.webp 300w,http:\/\/photocello.com\/wp-content\/uploads\/2023\/01\/garry.webp 500w\" sizes=\"250px\"\/><\/a><\/div><\/div><\/div><script type=\"application\/json\" class=\"sgb-data\">{\"galleryType\":\"pgc_sgb_masonry\",\"galleryId\":\"65f12199\",\"images\":[{\"id\":13950,\"title\":\"garry_winogrand_21_119.jpg\",\"url\":\"http:\/\/photocello.com\/wp-content\/uploads\/2023\/01\/garry_winogrand_21_119.jpg.webp\",\"link\":\"https:\/\/photocello.com\/?attachment_id=13950\",\"alt\":\"\",\"description\":\"\",\"caption\":\"\",\"mime\":\"image\/webp\",\"type\":\"image\",\"width\":600,\"height\":398,\"sizes\":{\"thumbnail\":{\"height\":150,\"width\":150,\"url\":\"http:\/\/photocello.com\/wp-content\/uploads\/2023\/01\/garry_winogrand_21_119.jpg-150x150.webp\",\"orientation\":\"landscape\"},\"medium\":{\"height\":199,\"width\":300,\"url\":\"http:\/\/photocello.com\/wp-content\/uploads\/2023\/01\/garry_winogrand_21_119.jpg-300x199.webp\",\"orientation\":\"landscape\"},\"full\":{\"url\":\"http:\/\/photocello.com\/wp-content\/uploads\/2023\/01\/garry_winogrand_21_119.jpg.webp\",\"height\":398,\"width\":600,\"orientation\":\"landscape\"}},\"meta\":false,\"postlink\":\"https:\/\/photocello.com\/?attachment_id=13950\"},{\"id\":13951,\"title\":\"garry_winogrand_920x920-4_46\",\"url\":\"http:\/\/photocello.com\/wp-content\/uploads\/2023\/01\/garry_winogrand_920x920-4_46.jpg\",\"link\":\"https:\/\/photocello.com\/?attachment_id=13951\",\"alt\":\"\",\"description\":\"\",\"caption\":\"\",\"mime\":\"image\/jpeg\",\"type\":\"image\",\"width\":598,\"height\":920,\"sizes\":{\"thumbnail\":{\"height\":150,\"width\":150,\"url\":\"http:\/\/photocello.com\/wp-content\/uploads\/2023\/01\/garry_winogrand_920x920-4_46-150x150.jpg\",\"orientation\":\"landscape\"},\"medium\":{\"height\":300,\"width\":195,\"url\":\"http:\/\/photocello.com\/wp-content\/uploads\/2023\/01\/garry_winogrand_920x920-4_46-195x300.jpg\",\"orientation\":\"portrait\"},\"full\":{\"url\":\"http:\/\/photocello.com\/wp-content\/uploads\/2023\/01\/garry_winogrand_920x920-4_46.jpg\",\"height\":920,\"width\":598,\"orientation\":\"portrait\"}},\"meta\":false,\"postlink\":\"https:\/\/photocello.com\/?attachment_id=13951\"},{\"id\":13952,\"title\":\"garry_winogrand_el_morocco_ny_1950_47\",\"url\":\"http:\/\/photocello.com\/wp-content\/uploads\/2023\/01\/garry_winogrand_el_morocco_ny_1950_47.jpg\",\"link\":\"https:\/\/photocello.com\/?attachment_id=13952\",\"alt\":\"\",\"description\":\"\",\"caption\":\"\",\"mime\":\"image\/jpeg\",\"type\":\"image\",\"width\":600,\"height\":416,\"sizes\":{\"thumbnail\":{\"height\":150,\"width\":150,\"url\":\"http:\/\/photocello.com\/wp-content\/uploads\/2023\/01\/garry_winogrand_el_morocco_ny_1950_47-150x150.jpg\",\"orientation\":\"landscape\"},\"medium\":{\"height\":208,\"width\":300,\"url\":\"http:\/\/photocello.com\/wp-content\/uploads\/2023\/01\/garry_winogrand_el_morocco_ny_1950_47-300x208.jpg\",\"orientation\":\"landscape\"},\"full\":{\"url\":\"http:\/\/photocello.com\/wp-content\/uploads\/2023\/01\/garry_winogrand_el_morocco_ny_1950_47.jpg\",\"height\":416,\"width\":600,\"orientation\":\"landscape\"}},\"meta\":false,\"postlink\":\"https:\/\/photocello.com\/?attachment_id=13952\"},{\"id\":13953,\"title\":\"garry_winogrand_winogrand_31_51.jpg\",\"url\":\"http:\/\/photocello.com\/wp-content\/uploads\/2023\/01\/garry_winogrand_winogrand_31_51.jpg.webp\",\"link\":\"https:\/\/photocello.com\/?attachment_id=13953\",\"alt\":\"\",\"description\":\"\",\"caption\":\"\",\"mime\":\"image\/webp\",\"type\":\"image\",\"width\":700,\"height\":461,\"sizes\":{\"thumbnail\":{\"height\":150,\"width\":150,\"url\":\"http:\/\/photocello.com\/wp-content\/uploads\/2023\/01\/garry_winogrand_winogrand_31_51.jpg-150x150.webp\",\"orientation\":\"landscape\"},\"medium\":{\"height\":198,\"width\":300,\"url\":\"http:\/\/photocello.com\/wp-content\/uploads\/2023\/01\/garry_winogrand_winogrand_31_51.jpg-300x198.webp\",\"orientation\":\"landscape\"},\"full\":{\"url\":\"http:\/\/photocello.com\/wp-content\/uploads\/2023\/01\/garry_winogrand_winogrand_31_51.jpg.webp\",\"height\":461,\"width\":700,\"orientation\":\"landscape\"}},\"meta\":false,\"postlink\":\"https:\/\/photocello.com\/?attachment_id=13953\"},{\"id\":13954,\"title\":\"garry\",\"url\":\"http:\/\/photocello.com\/wp-content\/uploads\/2023\/01\/garry.webp\",\"link\":\"https:\/\/photocello.com\/?attachment_id=13954\",\"alt\":\"\",\"description\":\"\",\"caption\":\"\",\"mime\":\"image\/webp\",\"type\":\"image\",\"width\":500,\"height\":333,\"sizes\":{\"thumbnail\":{\"height\":150,\"width\":150,\"url\":\"http:\/\/photocello.com\/wp-content\/uploads\/2023\/01\/garry-150x150.webp\",\"orientation\":\"landscape\"},\"medium\":{\"height\":200,\"width\":300,\"url\":\"http:\/\/photocello.com\/wp-content\/uploads\/2023\/01\/garry-300x200.webp\",\"orientation\":\"landscape\"},\"full\":{\"url\":\"http:\/\/photocello.com\/wp-content\/uploads\/2023\/01\/garry.webp\",\"height\":333,\"width\":500,\"orientation\":\"landscape\"}},\"meta\":false,\"postlink\":\"https:\/\/photocello.com\/?attachment_id=13954\"}],\"itemsMetaDataCollection\":[]}<\/script><script>(function(){if(window.PGC_SGB && window.PGC_SGB.searcher){window.PGC_SGB.searcher.initBlocks()}})()<\/script><\/div>","protected":false},"excerpt":{"rendered":"<p>callejero Garry Winogra Bronx- New York 1928 Como estudiante de pintura se paso a la fotografia gracias a la visita del cuarto oscuro con su amigo. Su vision profesional de la fotogradfia cambio radicalmente al realizar un viaje por Estados Unidos la ruta 66. Tras ese viaje emprendo a realizar fotografia de calle, en una [&hellip;]<\/p>\n","protected":false},"author":1,"featured_media":0,"parent":0,"menu_order":0,"comment_status":"closed","ping_status":"closed","template":"","meta":{"_uag_custom_page_level_css":"","_monsterinsights_skip_tracking":false,"_monsterinsights_sitenote_active":false,"_monsterinsights_sitenote_note":"","_monsterinsights_sitenote_category":0,"_uf_show_specific_survey":0,"_uf_disable_surveys":false,"pgc_sgb_lightbox_settings":"","footnotes":""},"categories":[27],"tags":[],"class_list":["post-13936","page","type-page","status-publish","hentry","category-fotografos"],"uagb_featured_image_src":{"full":false,"thumbnail":false,"medium":false,"medium_large":false,"large":false,"1536x1536":false,"2048x2048":false,"ect-jetpack-portfolio-featured":false,"ect-featured-content":false,"ect-service":false,"jetpack-portfolio-admin-thumb":false,"featured-content-admin-thumb":false,"service-admin-thumb":false},"uagb_author_info":{"display_name":"henrribas@gmail.com","author_link":"https:\/\/photocello.com\/?author=1"},"uagb_comment_info":0,"uagb_excerpt":"callejero Garry Winogra Bronx- New York 1928 Como estudiante de pintura se paso a la fotografia gracias a la visita del cuarto oscuro con su amigo. Su vision profesional de la fotogradfia cambio radicalmente al realizar un viaje por Estados Unidos la ruta 66. Tras ese viaje emprendo a realizar fotografia de calle, en una&hellip;","_links":{"self":[{"href":"https:\/\/photocello.com\/index.php?rest_route=\/wp\/v2\/pages\/13936"}],"collection":[{"href":"https:\/\/photocello.com\/index.php?rest_route=\/wp\/v2\/pages"}],"about":[{"href":"https:\/\/photocello.com\/index.php?rest_route=\/wp\/v2\/types\/page"}],"author":[{"embeddable":true,"href":"https:\/\/photocello.com\/index.php?rest_route=\/wp\/v2\/users\/1"}],"replies":[{"embeddable":true,"href":"https:\/\/photocello.com\/index.php?rest_route=%2Fwp%2Fv2%2Fcomments&post=13936"}],"version-history":[{"count":7,"href":"https:\/\/photocello.com\/index.php?rest_route=\/wp\/v2\/pages\/13936\/revisions"}],"predecessor-version":[{"id":13955,"href":"https:\/\/photocello.com\/index.php?rest_route=\/wp\/v2\/pages\/13936\/revisions\/13955"}],"wp:attachment":[{"href":"https:\/\/photocello.com\/index.php?rest_route=%2Fwp%2Fv2%2Fmedia&parent=13936"}],"wp:term":[{"taxonomy":"category","embeddable":true,"href":"https:\/\/photocello.com\/index.php?rest_route=%2Fwp%2Fv2%2Fcategories&post=13936"},{"taxonomy":"post_tag","embeddable":true,"href":"https:\/\/photocello.com\/index.php?rest_route=%2Fwp%2Fv2%2Ftags&post=13936"}],"curies":[{"name":"wp","href":"https:\/\/api.w.org\/{rel}","templated":true}]}}